{"id":218,"date":"2014-04-14T17:12:30","date_gmt":"2014-04-14T20:12:30","guid":{"rendered":"https:\/\/riquezavital.org\/es\/?page_id=218"},"modified":"2024-06-03T16:54:09","modified_gmt":"2024-06-03T22:54:09","slug":"la-biologia-del-bienestar","status":"publish","type":"page","link":"https:\/\/riquezavital.org\/es\/aprendizajes\/la-biologia-del-bienestar\/","title":{"rendered":"La Biolog\u00eda del Bienestar"},"content":{"rendered":"<h2 lang=\"es-MX\" align=\"CENTER\"><span style=\"text-decoration: underline; font-size: 12pt; font-family: tahoma,arial,helvetica,sans-serif;\">Encuentros Con Nuestra Sabidur\u00eda Celular<\/span><\/h2>\n<p lang=\"es-MX\" style=\"text-align: justify;\" align=\"LEFT\"><span style=\"font-size: 12pt; font-family: tahoma,arial,helvetica,sans-serif;\">En una serie de encuentros descubrimos aspectos sorprendentes de nuestra salud, y de la profunda sabidur\u00eda de nuestro dise\u00f1o b\u00edo-l\u00f3gico (en la l\u00f3gica de la vida) junto con nuestra capacidad de recobrar nuestra salud desde el cuidado de nuestro dise\u00f1o vivo.<\/span><\/p>\n<p lang=\"es-MX\" style=\"text-align: justify;\"><span style=\"font-size: 12pt; font-family: tahoma,arial,helvetica,sans-serif;\">Al entrar en un bosque, un desierto, una selva o el mar, notamos algo fant\u00e1stico: hay una cualidad de vida en lo que vive naturalmente: la vida est\u00e1 dise\u00f1ada para rebosar en vida. <\/span><\/p>\n<p lang=\"es-MX\" style=\"text-align: justify;\" align=\"LEFT\"><span style=\"font-size: 12pt; font-family: tahoma,arial,helvetica,sans-serif;\">Nosotros, humanos, tambi\u00e9n estamos dise\u00f1ados para rebosar en vida con una condici\u00f3n sumamente sencilla: la de respetar el dise\u00f1o <i><b>b\u00edo-l\u00f3gico <\/b><\/i>(en la l\u00f3gica de la vida) de nuestra vida. <\/span><\/p>\n<p lang=\"es-MX\" style=\"text-align: justify;\" align=\"LEFT\"><span style=\"font-size: 12pt; font-family: tahoma,arial,helvetica,sans-serif;\">De estos <strong>E<\/strong><span style=\"text-decoration: underline;\"><b>ncuentros con Nuestra Sabidur\u00eda Celular: <\/b><\/span><span style=\"text-decoration: underline;\"><b>La Biolog\u00eda del Bienestar<\/b><\/span> emerge una visi\u00f3n <i><b>coherente <\/b><\/i>de nuestra vida. Descubrimos que la salud, la riqueza y la intimidad no son ideas abstractas sino el fruto de nuestra conciencia de y nuestro relacionamiento con la ecolog\u00eda <i><b>celular <\/b><\/i>que vive en y como nosotros.\u00a0 Nos damos cuenta que ESTAMOS HECHOS PARA SALUD al mismo tiempo que hemos sido adiestrados a vivir y pensar de manera AJENA A ELLA.<\/p>\n<p>Descubrimos que la Vida es PURA COHERENCIA y que la enfermedad surge de vivir de manera VITALMENTE INCOHERENTE.\u00a0 La enfermedad no es un accidente sino UN RESULTADO.\u00a0 Y hoy estamos viviendo un literal colapso de salud no porque BACTERIAS Y VIRUSES NOS EST\u00c1N ATACANDO sino porque estamos viviendo en condiciones crecientemente AJENAS A NUESTRA BIOLOG\u00cdA.\u00a0<\/span><\/p>\n<p lang=\"es-MX\" style=\"text-align: justify;\"><span style=\"font-size: 12pt; font-family: tahoma,arial,helvetica,sans-serif;\">Por medio de encuentros, conversaciones, aulas, movimientos neurol\u00f3gicamente conectivos y preparaci\u00f3n de alimentos revitalizantes, descubrimos aspectos sorprendentes de la salud humana; aspectos fundamentales e ignorados casi por completo, tanto por la medicina convencional como la \u201calternativa,\u201d a pesar de que sean aspectos nuestros s\u00f3lidamente elucidados por la ciencia actual. <\/span><\/p>\n<p lang=\"es-MX\" style=\"text-align: justify;\" align=\"LEFT\"><span style=\"font-size: 12pt; font-family: tahoma,arial,helvetica,sans-serif;\">Vamos con unos ejemplos que elaboraremos juntos y que ya puedes explorar <a title=\"Recobrando Nuestra Salud Celular\" href=\"https:\/\/riquezavital.org\/es\/salud-celular\/\"><i><b>AQU\u00cd.<\/b><\/i><\/a><\/span><\/p>\n<p lang=\"es-MX\" style=\"text-align: justify;\" align=\"LEFT\"><span style=\"font-size: 12pt; font-family: tahoma,arial,helvetica,sans-serif;\">Los encuentros de <i><b>La Biolog\u00eda del Bienestar <\/b><\/i>se dirigen hac\u00eda individuos que se dan cuenta que <i><b>su <\/b><\/i>salud vendr\u00e1 de <i><b>su <\/b><\/i>comprensi\u00f3n y de <i><b>sus <\/b><\/i>acciones. Si est\u00e1s buscando la \u00abrecetita\u00bb o \u00abla p\u00f3cima\u00bb que te vaya a resolver tus problemas, no te la tengo. Aqui se trata de CONOCERNOS DESDE LA VIDA QUE SOMOS y ATREVERNOS A PRINCIPIAR DESDE PRINCIPIOS.<\/p>\n<p>No solo vamos a descubrir una Biolog\u00eda ocultada, prohibida y real, vamos necesariamente a topar y conocer las din\u00e1micas que subyacen la condici\u00f3n \u00abmoderna\u00bb y la confusi\u00f3n que se nos ha inculcado con respeto a nuestra capacidad de entrar en conocimiento de C\u00d3MO VIVIR A FAVOR DE LO QUE VIVE.<\/p>\n<p>Para quienes <em><strong>asuman <\/strong><\/em>su forma de vivir desde un entendimiento\u00a0<em><strong>de la realidad de la Vida,\u00a0<\/strong><\/em>y no tus creencias o vacas sagradas, tengo maravillas para compartir contigo, y maravillas\u00a0<em><strong>iguales de<\/strong><\/em> <em><strong>reales y eficaces c\u00f3mo T\u00da te atreves a serlo.<\/strong><\/em> <\/span><\/p>\n<p lang=\"es-MX\" style=\"text-align: justify;\" align=\"LEFT\"><span style=\"font-size: 12pt; font-family: tahoma,arial,helvetica,sans-serif;\">El aprendizaje que ofrezco es\u00a0 para quienes valoricen, inviertan y se realicen en sus capacidades para vivir mejor. Aqu\u00ed nos capacitamos desde nuestro \u201cyo puedo CONOCER LO VITAL REAL.\u201d En estos encuentros empezamos con \u201cyo puedo <i><b>ver, apreciar y cuidar <\/b><\/i>de las estructuras vivas que me componen.\u201d<\/span><\/p>\n<p lang=\"es-MX\" style=\"text-align: justify;\" align=\"LEFT\"><span style=\"font-size: 12pt; font-family: tahoma,arial,helvetica,sans-serif;\">La referencia y la autoridad de nuestros talleres son la Vida misma, ya desde la c\u00e9lula, su dise\u00f1o, sus din\u00e1micas, su sabidur\u00eda, <em><strong>empezando un aprendizaje desde SU dise\u00f1o, <\/strong><\/em>y no las teor\u00edas \u00abm\u00e9dicas, cu\u00e1nticas o c\u00f3smicas\u00bb que hayamos acumulado.<\/span><\/p>\n<p lang=\"es-MX\" style=\"text-align: justify;\" align=\"LEFT\"><span style=\"font-size: 12pt; font-family: tahoma,arial,helvetica,sans-serif;\">Compartimos herramientas pr\u00e1cticas para quien quiera cuidar de su salud y beneficiarse, justamente, de aportes m\u00e9dicos y cient\u00edficos a\u00fan no-integrados en la medicina generalmente practicada. No estamos proporcionando \u201cformulitas fant\u00e1sticas para su vida\u201d y tampoco damos consejos m\u00e9dicos.<\/span><\/p>\n<p lang=\"es-MX\" style=\"text-align: justify;\" align=\"LEFT\"><span style=\"font-size: 12pt; font-family: tahoma,arial,helvetica,sans-serif;\">En vez de aferrarnos con el sinf\u00edn de diagn\u00f3sticas de enfermedades, aqu\u00ed prestamos atenci\u00f3n a nuestra salud celular y la realidad viva que expresa en cada uno de nosotros, como en el resto de la vida, el \u00edndole de rebosar en vida. <\/span><\/p>\n<p lang=\"es-MX\" style=\"text-align: justify;\" align=\"LEFT\"><span style=\"font-size: 12pt; font-family: tahoma,arial,helvetica,sans-serif;\"><img loading=\"lazy\" decoding=\"async\" class=\"alignleft\" style=\"margin: 0px 5px 5px 0px;\" title=\"http:\/\/www.ncnr.nist.gov\/programs\/reflect\/rp\/biology\/cell_membrane.html |Date= |Author=spanish version http:\/\/es.wikipedia.org\/wiki\/Uusario:Asasia |Permission=http:\/\/commons.wikimedia.org\/wiki\/Image:Green_copyright.svg \" src=\"http:\/\/upload.wikimedia.org\/wikipedia\/commons\/e\/e4\/CellMembraneDrawing_%28es%29.png\" alt=\"http:\/\/www.ncnr.nist.gov\/programs\/reflect\/rp\/biology\/cell_membrane.html |Date= |Author=spanish version http:\/\/es.wikipedia.org\/wiki\/Uusario:Asasia |Permission=http:\/\/commons.wikimedia.org\/wiki\/Image:Green_copyright.svg \" width=\"371\" height=\"196\" \/>La autoridad a la cual acudimos es la que tiene autor\u00eda viva y real en nosotros: el dise\u00f1o y las din\u00e1micas de nuestras realidades celulares y vivas con aportes de m\u00e9dicos y cient\u00edficos que hayan dedicado sus vidas a aumentar nuestro entendimiento de nuestros procesos celulares. <\/span><\/p>\n<p lang=\"es-MX\" style=\"text-align: justify;\" align=\"LEFT\"><span style=\"text-decoration: underline; font-size: 12pt; font-family: tahoma,arial,helvetica,sans-serif;\"><i><b>Los Beneficios Concretos que Recibir\u00e1s de tu Participaci\u00f3n son:<\/b><\/i><\/span><\/p>\n<ul style=\"text-align: justify;\">\n<li>\n<p lang=\"es-MX\" align=\"LEFT\"><span style=\"font-size: 12pt; font-family: tahoma,arial,helvetica,sans-serif;\"><i><b>Pautas sencillas, concretas y eficaces para bajar de peso, controlar el nivel de az\u00facar en la sangre, aliviar dolores artr\u00edticos, problemas digestivos, alta tensi\u00f3n arterial y recobrar su animo y claridad mental con mejoras en muy pocas semanas y desde el entendimiento claro y coherente de los procesos metab\u00f3licos que subyacen estos problemas.<\/b><\/i><\/span><\/p>\n<\/li>\n<li>\n<p lang=\"es-MX\" align=\"LEFT\"><span style=\"font-size: 12pt; font-family: tahoma,arial,helvetica,sans-serif;\"><i><b>Un entendimiento claro de los procesos y los elementos tan comunes hoy en d\u00eda que est\u00e1n provocando cantidad de enfermedades neurol\u00f3gicas, digestivas, card\u00edacas, y en nuestras articulaciones, todas con fuertes procesos inflamatorios y c\u00f3mo dejar de provocar inflamaci\u00f3n en tu cuerpo.<\/b><\/i><\/span><\/p>\n<\/li>\n<li>\n<p lang=\"es-MX\" align=\"LEFT\"><span style=\"font-size: 12pt; font-family: tahoma,arial,helvetica,sans-serif;\"><i><b>Un entendimiento claro de la ecolog\u00eda humana, es decir, del 90% de las c\u00e9lulas dentro de tu cuerpo que no son c\u00e9lulas humanas y que forman una parte important\u00edsima de nuestra salud. Saldr\u00e1s del encuentro sabiendo c\u00f3mo, y de manera pr\u00e1ctica, repoblar tu ecosistema sana, abundante y variadamente y c\u00f3mo la salud de nuestra tracto intestinal impacta todas las dimensiones de nuestra experiencia humana. <\/b><\/i><\/span><\/p>\n<\/li>\n<li>\n<p lang=\"es-MX\" align=\"LEFT\"><span style=\"font-size: 12pt; font-family: tahoma,arial,helvetica,sans-serif;\"><i><b>Un entendimiento m\u00e1s claro y amplio de c\u00f3mo T\u00da te relacionas con tu vida y con TUS facultades de llegar a una comprensi\u00f3n coherente con la vida, propia a tu naturaleza y capacidad Y con la capacidad de discriminar entre las perspectivas de supuestos \u201cexpertos.\u201d <\/b><\/i><\/span><\/p>\n<\/li>\n<li>\n<p lang=\"es-MX\"><span style=\"font-size: 12pt; font-family: tahoma,arial,helvetica,sans-serif;\"><i><b>Un aprecio m\u00e1s sutil de c\u00f3mo nuestra din\u00e1micas familiares, lingu\u00edsticas y culturales nos impactan, inconscientemente, en nuestra salud y todas las din\u00e1micas de nuestras vidas y c\u00f3mo tomar pasos concretos y compasivos para realmente volverse un aliado de confianza para su propia vida y la de los que amamos. Nos atrevemos a vislumbrar las din\u00e1micas que subyacen la \u00abmodernidad\u00bb y que nos han llevado a estos tiempos tan cr\u00edticos.\u00a0 Y lo hacemos de manera clara y empoderadora de cada uno de asumir consciencia, inteligencia, salud, \u00e9tica y valent\u00eda A FAVOR DE LA VIDA.\u00a0\u00a0<\/b><\/i><\/span><\/p>\n<\/li>\n<\/ul>\n<p lang=\"es-MX\" style=\"text-align: justify;\"><span style=\"font-size: 12pt; font-family: tahoma,arial,helvetica,sans-serif;\">El Caminante \u00abO\u00bb naci\u00f3 en B\u00e9lgica y creci\u00f3 con gente ancestral y contempor\u00e1neamente n\u00f3mada de n\u00f3madas eslavos.\u00a0 Creci\u00f3 con su cultura n\u00f3mada de por su padre.\u00a0 Luego unos amigos de pueblos n\u00f3madas ind\u00edgenas de las Am\u00e9ricas, Tsis-tsis-tas (\u00abFlechas Sagradas\u00bb\/ Cheyennes), Lakotas y un Vikingo le ayudaron a ahondar en el Compromiso con la Vida que Corresponde que los que viajamos en el Parentezco de la Vida y entre Pueblos-Parientes distintos.\u00a0 Sigue en el Viaje y el Compromiso VIDA con Verdad. Ha vivido, DESaprendido y Aprendido con mucho Pueblos y Territorios de Parentezco de por el mundo. Habla 7 idiomas. Trabaj\u00f3 20 a\u00f1os como enfermero en cuidados intensivos en los Estados-Unidos. Se especializ\u00f3 en Trauma, Neuro-Trauma y enfermedades neurol\u00f3gicas y ha trabajado en todos los servicios considerados de cuidados intensivos, incluyendo pos-anestesia, radiolog\u00eda intervencional, transplante de \u00f3rganos y cuidados intensivos m\u00e9dicos y card\u00edacos. Tambi\u00e9n se ha interesado en la medicina, dieta y filosof\u00eda japonesa y china desde 1978 y practica el Chi Kung y Tai Chi desde 1989. En 1984 entr\u00f3 en un linaje de aprendizaje ind\u00edgena en los Estados Unidos y ha vivido, aprendido y trabajado con pueblos aut\u00f3ctonos en las Am\u00e9ricas y el Sur-este Asi\u00e1tico.<\/span><\/p>\n<p style=\"text-align: justify;\"><span style=\"font-size: 12pt; font-family: tahoma,arial,helvetica,sans-serif;\">Su entendimiento de la salud y de la vida se revolucion\u00f3 cuando, a pesar de tener una vida \u00absaludable\u00bb tanto seg\u00fan las recomendaciones de la medicina dicha \u00abmoderna\u00bb como la dicha \u00abalternativa,\u00bb empez\u00f3 a tener problemas de salud graves que se empeoraban a medida que segu\u00eda lo mucho que le recomendaban sus colegas m\u00e9dicos y que \u00e9l tambi\u00e9n hab\u00eda pasado su carrera recomendando a sus pacientes con la aprobaci\u00f3n de \u201cexpertos\u201d m\u00e9dicos. Para saber m\u00e1s de su proceso de aprendizaje con respeto a su salud, haz clic <a title=\"Recobrando Nuestra Salud Celular\" href=\"https:\/\/riquezavital.org\/es\/salud-celular\/\"><i><b>AQU\u00cd.<\/b><\/i><\/a><\/span><\/p>\n<p lang=\"es-MX\" style=\"text-align: justify;\"><span style=\"font-size: 12pt; font-family: tahoma,arial,helvetica,sans-serif;\">Saldr\u00e1n del curso con pautas pr\u00e1cticas para no s\u00f3lo cuidar de su salud, pero para saber el porqu\u00e9 y c\u00f3mo responsabilizarse de manera l\u00facida y capaz de su salud y de su conocimiento de salud. <\/span><\/p>\n<p><span style=\"font-size: 12pt; font-family: tahoma,arial,helvetica,sans-serif;\">Lo que decimos no es verdad. La VER-dad se encuentra en la Realidad.\u00a0 Nos toca a cada uno ir a su encuentro. Esto se llama REALEZA, \u00abla destreza de ir directo.\u00bb Espero fomentar un aprecio y una curiosidad crecientes hac\u00eda esta verdad viva para que cada uno vaya al encuentro de la verdad que <i><b>es, <\/b><\/i>con un entendimiento m\u00e1s amplio, coherente y cuidadoso de la vida real.<\/span><\/p>\n<p lang=\"es-MX\" style=\"text-align: justify;\"><span style=\"font-size: 12pt; font-family: tahoma,arial,helvetica,sans-serif;\">Tendr\u00e1n fuentes para seguir ampliando su entendimiento por cuenta propia, que sea un profesional m\u00e9dico o simplemente preocupado por su salud y deseoso de entenderla y cuidarla desde su realidad y no otra \u00abteor\u00eda\u00bb descalabrada.\u00a0\u00a0<\/span><\/p>\n<p lang=\"es-MX\" style=\"text-align: justify;\" align=\"LEFT\"><span style=\"font-size: 12pt; font-family: tahoma,arial,helvetica,sans-serif;\">El taller se da en un ambiente conversacional, informal y con variaci\u00f3n de formatos, movimiento y preparaci\u00f3n de alimentos revitalizantes. Favor de vestirse confortablemente y para estar a gusto.<\/span><\/p>\n<p lang=\"es-MX\" style=\"text-align: justify;\" align=\"LEFT\"><span style=\"font-size: 12pt; font-family: tahoma,arial,helvetica,sans-serif;\">Los<a title=\"La Biolog\u00eda del Bienestar\" href=\"https:\/\/riquezavital.org\/es\/cursos\/la-biologia-del-bienestar\/\"> <span style=\"text-decoration: underline;\"><b>Encuentros con Nuestra Sabidur\u00eda Celular: La Biolog\u00eda de Tu Bienestar<\/b><\/span><\/a> ofrecen una introducci\u00f3n a una visi\u00f3n coherente de nuestro dise\u00f1o humano y biol\u00f3gico con pautas claras para ponerla en acci\u00f3n. <\/span><\/p>\n<p lang=\"es-MX\" style=\"text-align: justify;\" align=\"LEFT\"><span style=\"font-size: 12pt; font-family: tahoma,arial,helvetica,sans-serif;\">Dese\u00e1ndote siempre salud y la valent\u00eda de honrar TU Riqueza Vital con tu inversi\u00f3n de atenci\u00f3n y cuidado atento y h\u00e1bil A LA VIDA QUE ERES Y SOMOS CON EL TODO-VIVO. <\/span><\/p>\n<p lang=\"es-MX\" style=\"text-align: justify;\" align=\"LEFT\"><span style=\"font-size: 12pt; font-family: tahoma,arial,helvetica,sans-serif;\">Gracias.<\/span><\/p>\n","protected":false},"excerpt":{"rendered":"<p>Encuentros Con Nuestra Sabidur\u00eda Celular En una serie de encuentros descubrimos aspectos sorprendentes de nuestra salud, y de la profunda sabidur\u00eda de nuestro dise\u00f1o b\u00edo-l\u00f3gico (en la l\u00f3gica de la vida) junto con nuestra capacidad de recobrar nuestra salud desde &hellip; <a href=\"https:\/\/riquezavital.org\/es\/aprendizajes\/la-biologia-del-bienestar\/\">Continuar<\/a><\/p>\n","protected":false},"author":5,"featured_media":0,"parent":196,"menu_order":0,"comment_status":"open","ping_status":"open","template":"","meta":{"kt_blocks_editor_width":"","footnotes":"","_links_to":"","_links_to_target":""},"class_list":["post-218","page","type-page","status-publish","hentry"],"yoast_head":"<!-- This site is optimized with the Yoast SEO plugin v26.3 - https:\/\/yoast.com\/wordpress\/plugins\/seo\/ -->\n<title>La Biolog\u00eda del Bienestar - Riqueza Vital: \u00a1Se Vive!<\/title>\n<meta name=\"description\" content=\"En los encuentros de La Biolog\u00eda del Bienestar descubrimos que la salud, la riqueza y la intimidad reflejan nuestra ecolog\u00eda celular.\" \/>\n<meta name=\"robots\" content=\"index, follow, max-snippet:-1, max-image-preview:large, max-video-preview:-1\" \/>\n<link rel=\"canonical\" href=\"https:\/\/riquezavital.org\/es\/aprendizajes\/la-biologia-del-bienestar\/\" \/>\n<meta name=\"twitter:label1\" content=\"Tiempo de lectura\" \/>\n\t<meta name=\"twitter:data1\" content=\"8 minutos\" \/>\n<script type=\"application\/ld+json\" class=\"yoast-schema-graph\">{\"@context\":\"https:\/\/schema.org\",\"@graph\":[{\"@type\":\"WebPage\",\"@id\":\"https:\/\/riquezavital.org\/es\/aprendizajes\/la-biologia-del-bienestar\/\",\"url\":\"https:\/\/riquezavital.org\/es\/aprendizajes\/la-biologia-del-bienestar\/\",\"name\":\"La Biolog\u00eda del Bienestar - Riqueza Vital: \u00a1Se Vive!\",\"isPartOf\":{\"@id\":\"https:\/\/riquezavital.org\/es\/#website\"},\"primaryImageOfPage\":{\"@id\":\"https:\/\/riquezavital.org\/es\/aprendizajes\/la-biologia-del-bienestar\/#primaryimage\"},\"image\":{\"@id\":\"https:\/\/riquezavital.org\/es\/aprendizajes\/la-biologia-del-bienestar\/#primaryimage\"},\"thumbnailUrl\":\"http:\/\/upload.wikimedia.org\/wikipedia\/commons\/e\/e4\/CellMembraneDrawing_%28es%29.png\",\"datePublished\":\"2014-04-14T20:12:30+00:00\",\"dateModified\":\"2024-06-03T22:54:09+00:00\",\"description\":\"En los encuentros de La Biolog\u00eda del Bienestar descubrimos que la salud, la riqueza y la intimidad reflejan nuestra ecolog\u00eda celular.\",\"breadcrumb\":{\"@id\":\"https:\/\/riquezavital.org\/es\/aprendizajes\/la-biologia-del-bienestar\/#breadcrumb\"},\"inLanguage\":\"es\",\"potentialAction\":[{\"@type\":\"ReadAction\",\"target\":[\"https:\/\/riquezavital.org\/es\/aprendizajes\/la-biologia-del-bienestar\/\"]}]},{\"@type\":\"ImageObject\",\"inLanguage\":\"es\",\"@id\":\"https:\/\/riquezavital.org\/es\/aprendizajes\/la-biologia-del-bienestar\/#primaryimage\",\"url\":\"http:\/\/upload.wikimedia.org\/wikipedia\/commons\/e\/e4\/CellMembraneDrawing_%28es%29.png\",\"contentUrl\":\"http:\/\/upload.wikimedia.org\/wikipedia\/commons\/e\/e4\/CellMembraneDrawing_%28es%29.png\"},{\"@type\":\"BreadcrumbList\",\"@id\":\"https:\/\/riquezavital.org\/es\/aprendizajes\/la-biologia-del-bienestar\/#breadcrumb\",\"itemListElement\":[{\"@type\":\"ListItem\",\"position\":1,\"name\":\"Home\",\"item\":\"https:\/\/riquezavital.org\/es\/\"},{\"@type\":\"ListItem\",\"position\":2,\"name\":\"Aprendizajes\",\"item\":\"https:\/\/riquezavital.org\/es\/aprendizajes\/\"},{\"@type\":\"ListItem\",\"position\":3,\"name\":\"La Biolog\u00eda del Bienestar\"}]},{\"@type\":\"WebSite\",\"@id\":\"https:\/\/riquezavital.org\/es\/#website\",\"url\":\"https:\/\/riquezavital.org\/es\/\",\"name\":\"Riqueza Vital: \u00a1Se Vive!\",\"description\":\"Viviendo en Clave con la Sabidur\u00eda Viva\",\"potentialAction\":[{\"@type\":\"SearchAction\",\"target\":{\"@type\":\"EntryPoint\",\"urlTemplate\":\"https:\/\/riquezavital.org\/es\/?s={search_term_string}\"},\"query-input\":{\"@type\":\"PropertyValueSpecification\",\"valueRequired\":true,\"valueName\":\"search_term_string\"}}],\"inLanguage\":\"es\"}]}<\/script>\n<!-- \/ Yoast SEO plugin. -->","yoast_head_json":{"title":"La Biolog\u00eda del Bienestar - Riqueza Vital: \u00a1Se Vive!","description":"En los encuentros de La Biolog\u00eda del Bienestar descubrimos que la salud, la riqueza y la intimidad reflejan nuestra ecolog\u00eda celular.","robots":{"index":"index","follow":"follow","max-snippet":"max-snippet:-1","max-image-preview":"max-image-preview:large","max-video-preview":"max-video-preview:-1"},"canonical":"https:\/\/riquezavital.org\/es\/aprendizajes\/la-biologia-del-bienestar\/","twitter_misc":{"Tiempo de lectura":"8 minutos"},"schema":{"@context":"https:\/\/schema.org","@graph":[{"@type":"WebPage","@id":"https:\/\/riquezavital.org\/es\/aprendizajes\/la-biologia-del-bienestar\/","url":"https:\/\/riquezavital.org\/es\/aprendizajes\/la-biologia-del-bienestar\/","name":"La Biolog\u00eda del Bienestar - Riqueza Vital: \u00a1Se Vive!","isPartOf":{"@id":"https:\/\/riquezavital.org\/es\/#website"},"primaryImageOfPage":{"@id":"https:\/\/riquezavital.org\/es\/aprendizajes\/la-biologia-del-bienestar\/#primaryimage"},"image":{"@id":"https:\/\/riquezavital.org\/es\/aprendizajes\/la-biologia-del-bienestar\/#primaryimage"},"thumbnailUrl":"http:\/\/upload.wikimedia.org\/wikipedia\/commons\/e\/e4\/CellMembraneDrawing_%28es%29.png","datePublished":"2014-04-14T20:12:30+00:00","dateModified":"2024-06-03T22:54:09+00:00","description":"En los encuentros de La Biolog\u00eda del Bienestar descubrimos que la salud, la riqueza y la intimidad reflejan nuestra ecolog\u00eda celular.","breadcrumb":{"@id":"https:\/\/riquezavital.org\/es\/aprendizajes\/la-biologia-del-bienestar\/#breadcrumb"},"inLanguage":"es","potentialAction":[{"@type":"ReadAction","target":["https:\/\/riquezavital.org\/es\/aprendizajes\/la-biologia-del-bienestar\/"]}]},{"@type":"ImageObject","inLanguage":"es","@id":"https:\/\/riquezavital.org\/es\/aprendizajes\/la-biologia-del-bienestar\/#primaryimage","url":"http:\/\/upload.wikimedia.org\/wikipedia\/commons\/e\/e4\/CellMembraneDrawing_%28es%29.png","contentUrl":"http:\/\/upload.wikimedia.org\/wikipedia\/commons\/e\/e4\/CellMembraneDrawing_%28es%29.png"},{"@type":"BreadcrumbList","@id":"https:\/\/riquezavital.org\/es\/aprendizajes\/la-biologia-del-bienestar\/#breadcrumb","itemListElement":[{"@type":"ListItem","position":1,"name":"Home","item":"https:\/\/riquezavital.org\/es\/"},{"@type":"ListItem","position":2,"name":"Aprendizajes","item":"https:\/\/riquezavital.org\/es\/aprendizajes\/"},{"@type":"ListItem","position":3,"name":"La Biolog\u00eda del Bienestar"}]},{"@type":"WebSite","@id":"https:\/\/riquezavital.org\/es\/#website","url":"https:\/\/riquezavital.org\/es\/","name":"Riqueza Vital: \u00a1Se Vive!","description":"Viviendo en Clave con la Sabidur\u00eda Viva","potentialAction":[{"@type":"SearchAction","target":{"@type":"EntryPoint","urlTemplate":"https:\/\/riquezavital.org\/es\/?s={search_term_string}"},"query-input":{"@type":"PropertyValueSpecification","valueRequired":true,"valueName":"search_term_string"}}],"inLanguage":"es"}]}},"_links":{"self":[{"href":"https:\/\/riquezavital.org\/es\/wp-json\/wp\/v2\/pages\/218","targetHints":{"allow":["GET"]}}],"collection":[{"href":"https:\/\/riquezavital.org\/es\/wp-json\/wp\/v2\/pages"}],"about":[{"href":"https:\/\/riquezavital.org\/es\/wp-json\/wp\/v2\/types\/page"}],"author":[{"embeddable":true,"href":"https:\/\/riquezavital.org\/es\/wp-json\/wp\/v2\/users\/5"}],"replies":[{"embeddable":true,"href":"https:\/\/riquezavital.org\/es\/wp-json\/wp\/v2\/comments?post=218"}],"version-history":[{"count":9,"href":"https:\/\/riquezavital.org\/es\/wp-json\/wp\/v2\/pages\/218\/revisions"}],"predecessor-version":[{"id":769,"href":"https:\/\/riquezavital.org\/es\/wp-json\/wp\/v2\/pages\/218\/revisions\/769"}],"up":[{"embeddable":true,"href":"https:\/\/riquezavital.org\/es\/wp-json\/wp\/v2\/pages\/196"}],"wp:attachment":[{"href":"https:\/\/riquezavital.org\/es\/wp-json\/wp\/v2\/media?parent=218"}],"curies":[{"name":"wp","href":"https:\/\/api.w.org\/{rel}","templated":true}]}}