{"id":26,"date":"2013-11-27T18:47:54","date_gmt":"2013-11-27T18:47:54","guid":{"rendered":"https:\/\/riquezavital.org\/es\/?page_id=26"},"modified":"2019-03-14T17:22:59","modified_gmt":"2019-03-14T20:22:59","slug":"genio-natural","status":"publish","type":"page","link":"https:\/\/riquezavital.org\/es\/","title":{"rendered":"Riqueza Vital: La Vida es su Propia Clave"},"content":{"rendered":"<p lang=\"es-ES\" style=\"text-align: justify;\" align=\"CENTER\"><span style=\"font-family: Tahoma, Arial, Helvetica, sans-serif;\">\u00bfQu\u00e9 es Riqueza Vital?\u00a0 <\/span><\/p>\n<p lang=\"es-ES\" style=\"text-align: justify;\" align=\"CENTER\"><span style=\"font-family: Tahoma, Arial, Helvetica, sans-serif;\">El <em><strong>sentido <\/strong><\/em>de la palabra <em><strong>riqueza<\/strong><\/em> es revelador. No tiene <em><strong>nada <\/strong><\/em>que ver con cu\u00e1nto tengamos.\u00a0 Es una cualidad <em><strong>existencial <\/strong><\/em>y <em><strong>relacional natural a toda Vida.\u00a0<\/strong><\/em> El <em><strong>sentido <\/strong><\/em>de la palabra se desconoce, generalmente, casi por completo. <\/span><\/p>\n<p lang=\"es-ES\" style=\"text-align: justify;\" align=\"CENTER\"><span style=\"font-family: Tahoma, Arial, Helvetica, sans-serif;\"><a href=\"http:\/\/etimologias.dechile.net\/?riqueza\"><em>\u00ab<strong>Riqueza\u00bb <\/strong><\/em><\/a>es una palabra derivada de la ra\u00edz Indo-Europea \u00ab<em><strong>riks<\/strong><\/em>\u00bb cuyo sentido es \u00abpoderoso.\u00bb El sufijo\u00a0<em><strong>\u00ab-eza\u00bb\u00a0<\/strong><\/em>es\u00a0\u00abcualidad.\u00bb O sea, la riqueza es \u00abuna cualidad de <em><strong>poder.<\/strong><\/em><em>\u00bb\u00a0 <\/em><em><strong>Poder <\/strong><\/em>es un verbo, como <em><strong>\u00abpuedo\u00bb <\/strong><\/em><em>o \u00ab<strong> no puedo.\u00bb<\/strong><\/em><\/span><\/p>\n<p lang=\"es-ES\" style=\"text-align: center;\" align=\"CENTER\"><span style=\"font-family: Tahoma, Arial, Helvetica, sans-serif;\"><strong>Si crees que puedes,<\/strong><\/span><\/p>\n<p lang=\"es-ES\" style=\"text-align: center;\" align=\"CENTER\"><span style=\"font-family: Tahoma, Arial, Helvetica, sans-serif;\"><strong>o crees que no puedes,<\/strong><\/span><\/p>\n<p lang=\"es-ES\" style=\"text-align: center;\" align=\"CENTER\"><span style=\"font-family: Tahoma, Arial, Helvetica, sans-serif;\"><strong>de ambas maneras,<\/strong><\/span><\/p>\n<p lang=\"es-ES\" style=\"text-align: center;\" align=\"CENTER\"><span style=\"font-family: Tahoma, Arial, Helvetica, sans-serif;\"><strong>\u00a1tienes raz\u00f3n!\u00bb<\/strong><\/span><\/p>\n<p lang=\"es-ES\" align=\"CENTER\">-Henry Ford<\/p>\n<p lang=\"es-ES\" style=\"text-align: justify;\" align=\"CENTER\"><span style=\"font-family: Tahoma, Arial, Helvetica, sans-serif;\">Es una cosa dedicar su vida a <em><strong>pedir<\/strong>.<\/em> Es se\u00f1a de inmadurez e impotencia <em><strong>pedir <\/strong><\/em>justicia de los injustos, capacidad de los incapaces, o honestidad de los mentirosos. Es mucho muy otra cosa dedicarse a\u00a0<em><strong>APRENDER a hacer lo que NO podemos, HASTA<\/strong><\/em> <em><strong>PODERLO HACER, con capacidad, con responsabilidad, respondiendo a la realidad en vez de evitarla, orient\u00e1ndonos, asumi\u00e9ndonos, y haciendo elecciones dignos de un Pueblo Vital y Verdadero.\u00a0 <\/strong><\/em><em><strong>La Riqueza Vital es propia a los que nos dedicamos a APRENDER lo que NO podemos hacer HASTA PODER, hasta desarrollar habilidades reales. <\/strong><\/em>Tal proceder de <em><strong>aprender hasta poder <\/strong><\/em>es natural a toda vida no-domesticada.<\/span><\/p>\n<p lang=\"es-ES\" style=\"text-align: justify;\" align=\"CENTER\"><span style=\"font-family: Tahoma, Arial, Helvetica, sans-serif;\">Es justamente este proceso de <em><strong>Aprendizaje Real<\/strong><\/em>\u00a0que las instituciones <em><strong>instructivas<\/strong><\/em> est\u00e1n cient\u00edficamente dise\u00f1adas para destruir. \u00bfC\u00f3mo? Por programaci\u00f3n y adiestramiento a repetir lo que no hemos <em><strong>aprehendido<\/strong><\/em><em><strong>,<\/strong><\/em> o sea a repetir conclusiones hechas a segunda mano sin encaminar nuestro Aprendizaje, <em><strong>paso por paso, desde sus fundamentos <\/strong><\/em>y <em><strong>con sentido<\/strong><\/em> y <em><strong>voluntad propia.<\/strong><\/em><br \/>\n<\/span><\/p>\n<p lang=\"es-ES\" style=\"text-align: justify;\" align=\"CENTER\"><span style=\"font-family: Tahoma, Arial, Helvetica, sans-serif;\">El <em><strong>poder <\/strong><\/em>se manifiesta en un <em><strong>S<\/strong><\/em><em><strong>er <\/strong><\/em>quien se atreve a <\/span><\/p>\n<p lang=\"es-ES\" style=\"text-align: center;\" align=\"CENTER\"><span style=\"font-family: Tahoma, Arial, Helvetica, sans-serif;\"><em><strong>HACER lo que NO puede, <\/strong><\/em><\/span><\/p>\n<p lang=\"es-ES\" style=\"text-align: center;\" align=\"CENTER\"><span style=\"font-family: Tahoma, Arial, Helvetica, sans-serif;\"><em><strong>hasta PODERLO HACER<\/strong><\/em>. <\/span><\/p>\n<p lang=\"es-ES\" style=\"text-align: justify;\" align=\"CENTER\"><span style=\"font-family: Tahoma, Arial, Helvetica, sans-serif;\">La Riqueza de Poder Vivir Abundante y Sanamente tiene <em><strong>todo <\/strong><\/em>que ver con Aprender. Piensa en c\u00f3mo aprendiste a caminar o andar en bicicleta<strong><em>. I<\/em><\/strong><em><strong>ntentaste hacer lo que NO pod\u00edas, hasta PODERLO hacer. <\/strong><\/em>El <em><strong>poder-hacer <\/strong><\/em>no se logra con teor\u00edas, creencias, pedidos o reclamos. <em><strong>Se logra HACIENDO. Se logra APREHENDIENDO, <\/strong><\/em>es decir, <em><strong>por contacto<\/strong><\/em>. Empieza <em><strong>desde uno mismo RELACIONADO CON ALGO M\u00c1S ALL\u00c1 DE UNO MISMO.<\/strong><\/em><br \/>\n<\/span><\/p>\n<p lang=\"es-ES\" style=\"text-align: justify;\" align=\"CENTER\"><span style=\"font-family: Tahoma, Arial, Helvetica, sans-serif;\">Para caminar, nadar o andar en bicicleta tuviste que activarTE, directamente, sin saber muy bien como, hasta lograrlo. Y tuviste que <em><strong>actuar directamente<\/strong><\/em>. Eso es lo que apunta la palabra <em><strong>riks: <\/strong><\/em><em>\u00abpoderoso.\u00bb\u00a0 <\/em>El <em><strong>poder <\/strong><\/em>va de par con <em><strong>aprender, <\/strong><\/em>que va de par con <em><strong>aprehender, <\/strong><\/em>es decir, con tocar, con aplicar sus sentidos y por contacto directo.<\/span><\/p>\n<p lang=\"es-ES\" style=\"text-align: justify;\" align=\"CENTER\"><span style=\"font-family: Tahoma, Arial, Helvetica, sans-serif;\">Si aprecias lo que implica esto profundamente, tal vez apreciar\u00e1s que el sistema falsamente llamado \u00abescolar\u00bb est\u00e1 dise\u00f1ado para <em><strong>destruir <\/strong><\/em>el Aprendizaje Natural y con Sentido. De hecho, son f\u00e1bricas mentales que fabrican un <em><strong>recurso<\/strong><\/em> humano intensamente programado a orientar o, m\u00e1s bien, desorientar, su vivir desde conclusiones y refranes adqueridos de segunda mano. Ve el art\u00edculo <a href=\"https:\/\/riquezavital.org\/es\/la-nieve-es-negra\/\"><span style=\"text-decoration: underline;\"><strong>La Nieve es Negra: Las Convicciones Inquebrantables<\/strong><\/span><\/a> para entender la historia y las intenciones que formatean el sistema instructivo (no educativo) de hoy en d\u00eda.<br \/>\n<\/span><\/p>\n<p lang=\"es-ES\" style=\"text-align: justify;\" align=\"CENTER\"><span style=\"font-family: Tahoma, Arial, Helvetica, sans-serif;\">La ra\u00edz <em><strong>riks, <\/strong><\/em>a su vez, deriva de la ra\u00edz <em><strong>reg, <\/strong><\/em>\u00abmoverse en linea recta, ir directamente.\u00bb Esta ra\u00edz revela la naturaleza de <em><strong>poder.\u00a0 Podemos <\/strong><\/em>en la medida de <em><strong>movernos directamente en, con, por y para<\/strong><\/em> la <em><strong>realidad<\/strong><\/em> de nuestro prop\u00f3sito.<\/span><\/p>\n<p lang=\"es-ES\" style=\"text-align: justify;\" align=\"CENTER\"><span style=\"font-family: Tahoma, Arial, Helvetica, sans-serif;\"><em><strong>ESTE<\/strong><\/em> es el prop\u00f3sito de lo que se ofrece ac\u00e1: <em><strong>ir directamente a Vida para fortalecernos en Vida<\/strong><\/em>.<em><br \/>\n<\/em><\/span><\/p>\n<p lang=\"es-ES\" style=\"text-align: justify;\" align=\"CENTER\"><span style=\"font-family: Tahoma, Arial, Helvetica, sans-serif;\">Si vamos al sentido de <em><strong>poder, \u00abriks,\u00bb <\/strong><\/em>y lo que su fuente, <em><strong>\u00abreg\u00bb <\/strong><\/em>o \u00abmoverse directamente\u00bb, indica, descubrimos conexiones fascinantes.\u00a0<em><strong>\u00abReg\u00bb,\u00a0<\/strong><\/em>o \u00abmoverse en linea\u00a0<em><strong>recta,<\/strong><\/em><em>\u00bb\u00a0<\/em>es tambi\u00e9n la ra\u00edz de otras palabras como\u00a0<em><strong>reina, rey, rico, recto, directo, real, realidad, realeza.<\/strong><\/em><\/span><\/p>\n<p lang=\"es-ES\" style=\"text-align: justify;\" align=\"CENTER\"><span style=\"font-family: Tahoma, Arial, Helvetica, sans-serif;\">La Riqueza es de <em><strong>los que van directamentemente a la realidad de la Vida y activan lo que PIDEN hasta PODER VIVIRLO con REAL-eza como reinas y reyes REALES. <\/strong><\/em>Es un Aprendizaje que no solo dura toda una vida individual, se transmite y se renueva a trav\u00e9s de generaciones.<\/span><\/p>\n<p lang=\"es-ES\" style=\"text-align: justify;\" align=\"CENTER\"><span style=\"font-family: Tahoma, Arial, Helvetica, sans-serif;\">Hablando desde una Vida de trabajo, estudio y aprendizaje en Salud, y en Din\u00e1micas Culturales Profundas, estamos confrontados por una situaci\u00f3n global y creciente que refleja un colapso de la Riqueza Vital. Refleja una noci\u00f3n de \u00abriqueza\u00bb falsa y fatal, que nos est\u00e1 enfermando, esclavizando y extinguiendo.\u00a0 <\/span><\/p>\n<p lang=\"es-ES\" style=\"text-align: justify;\" align=\"CENTER\"><span style=\"font-family: Tahoma, Arial, Helvetica, sans-serif;\">Escribiendo hoy desde M\u00e9xico 76% de la poblaci\u00f3n y 80% de las mujeres tienen sobrepeso. La mitad de ellos desarrollar\u00e1n diabetes.\u00a0 El c\u00e1ncer ya est\u00e1 llegando a afectar 50% de la gente.\u00a0 Es as\u00ed en todo Norteam\u00e9rica, mucho de Sudam\u00e9rica, Europa, Asia y m\u00e1s y m\u00e1s lugares en el mundo. El autismo, un profundo disturbio de desarrollo social, estaba en 1 entre 1500 ni\u00f1os cuando empec\u00e9 a trabajar de enfermero en 1989, en los estados-unidos.\u00a0 <a href=\"https:\/\/www.cdc.gov\/nchs\/data\/databriefs\/db291.pdf\">En el 2016 lleg\u00f3 a 1 entre 36.<\/a><\/span><\/p>\n<p lang=\"es-ES\" style=\"text-align: justify;\" align=\"CENTER\"><span style=\"font-family: Tahoma, Arial, Helvetica, sans-serif;\">Noticias de secuestros, desapariciones, asesinatos y robos ya no se limitan al noticiero.\u00a0 Cada semana amigos cercanos,\u00a0 aqu\u00ed, y en otras partes del mundo, me avisan de tales hechos entre sus amistades y parientes. Otros me avisan de casos de enfermedades graves entre gente m\u00e1s y m\u00e1s joven.\u00a0 La \u00absociedad\u00bb presenta m\u00e1s y m\u00e1s dificultades en toda asociaci\u00f3n humana y con las dem\u00e1s formas de vida. <em><strong>\u00abSociare\u00bb, <\/strong><\/em>en lat\u00edn, es \u00abunirse\u00bb. Una confusi\u00f3n de personas en desuni\u00f3n de hecho crea una anti-sociedad.<br \/>\n<\/span><\/p>\n<p lang=\"es-ES\" style=\"text-align: justify;\" align=\"CENTER\"><span style=\"font-family: Tahoma, Arial, Helvetica, sans-serif;\">Esto no se remedia y no se navega con otra teor\u00eda \u00abc\u00f3smica.\u00bb Ya estamos sobrados de esos desde hace mucho tiempo.\u00a0 <\/span><\/p>\n<p lang=\"es-ES\" style=\"text-align: justify;\" align=\"CENTER\"><span style=\"font-family: Tahoma, Arial, Helvetica, sans-serif;\">Pero <em><strong>s\u00ed hay una clave en Vida<\/strong><\/em>.\u00a0 No \u00abmi\u00bb clave; no la \u00abtuya,\u00bb pero la de la Vida-misma. No es una \u00abidea.\u00bb Es un Saber-Vivir que hace que una sola c\u00e9lula pueda multiplicarse y formarse en un cuerpo entero, y luego en linajes, al unirse con otra c\u00e9lula.\u00a0 Este Saber-Vivir es <em><strong>natural <\/strong><\/em>a toda vida que vive en armon\u00eda con su dise\u00f1o, y olvidado casi por completo por humanos modernos desnaturados, que viven por valores impuestos y desligados del cultivo de Vida.<\/span><\/p>\n<p lang=\"es-ES\" style=\"text-align: justify;\" align=\"CENTER\"><span style=\"font-family: Tahoma, Arial, Helvetica, sans-serif;\">La Vida no es algo menospreciable. Pero s\u00ed\u00a0 la hemos menospreciado y a costa de nuestra propia Vida. La hemos encubierto de un mont\u00f3n de \u00abteor\u00edas\u00bb descalabradas mientras nos negamos a ser lo suficiente y honestamente Principantes para simplemente ver el \u00bfQU\u00c9? antes de pretender ir al \u00bfC\u00d3MO? Esto forma parte de la programaci\u00f3n de personas \u00abmodernas\u00bb.<br \/>\n<\/span><\/p>\n<p lang=\"es-ES\" style=\"text-align: justify;\" align=\"CENTER\"><span style=\"font-family: Tahoma, Arial, Helvetica, sans-serif;\">Suena rico hablar de Riqueza Vital.\u00a0 Abrazar y Vivirla de Verdad requiere de la valent\u00eda de desenga\u00f1arnos, y de volver a Vida con Verdad y sin mentiras.\u00a0 Hay desaf\u00edo sobrado en la propuesta.<\/span><span style=\"font-family: Tahoma, Arial, Helvetica, sans-serif;\"><em><strong><br \/>\n<\/strong><\/em><\/span><\/p>\n<p lang=\"es-ES\" align=\"CENTER\"><em><strong>Me dedico al desaf\u00edo de Vivir Rica y Sanamente y de Verdad,<\/strong><\/em><\/p>\n<p lang=\"es-ES\" align=\"CENTER\"><em><strong>y al Servicio y a la Celebraci\u00f3n de mis Compa\u00f1er@s en el Desaf\u00edo y la Dignidad <\/strong><\/em><\/p>\n<p lang=\"es-ES\" align=\"CENTER\"><em><strong>de Abrazar Vida para Vivirla Bien y para Brindar un Buen-Vivir<\/strong><\/em><\/p>\n<p lang=\"es-ES\" align=\"CENTER\"><em><strong>a los que heredan de nuestro Vivido.<\/strong><\/em><\/p>\n<p align=\"left\"><span style=\"font-family: Tahoma, Arial, Helvetica, sans-serif;\"><span lang=\"es-ES\">Te ofrezco<\/span><\/span><span style=\"font-family: Tahoma, Arial, Helvetica, sans-serif;\"><span lang=\"es-ES\"> nuestro bolet\u00edn a cambio de uno de los valores m\u00e1s valiosos que tienes: tu atenci\u00f3n. Tu atenci\u00f3n es una clave fundamental de tu Riqueza Vital, la que vive y se vive. Es un reflejo directo de tu vitalidad y realidad celular.\u00a0 <\/span><\/span><\/p>\n<p lang=\"es-ES\" align=\"left\"><span style=\"font-family: Tahoma, Arial, Helvetica, sans-serif;\">Con tu nombre y email en la secci\u00f3n azul abajo, recibir\u00e1s nuestra invitaci\u00f3n a un aprendizaje sorprendente y ricamente vitalizante<i><b>. <\/b><\/i><\/span><\/p>\n<p lang=\"es-ES\" align=\"CENTER\">\n","protected":false},"excerpt":{"rendered":"<p>\u00bfQu\u00e9 es Riqueza Vital?\u00a0 El sentido de la palabra riqueza es revelador. No tiene nada que ver con cu\u00e1nto tengamos.\u00a0 Es una cualidad existencial y relacional natural a toda Vida.\u00a0 El sentido de la palabra se desconoce, generalmente, casi por &hellip; <a href=\"https:\/\/riquezavital.org\/es\/\">Continuar<\/a><\/p>\n","protected":false},"author":5,"featured_media":0,"parent":93,"menu_order":0,"comment_status":"open","ping_status":"open","template":"page-feature-sidebar.php","meta":{"kt_blocks_editor_width":"","footnotes":"","_links_to":"","_links_to_target":""},"class_list":["post-26","page","type-page","status-publish","hentry"],"yoast_head":"<!-- This site is optimized with the Yoast SEO plugin v26.3 - https:\/\/yoast.com\/wordpress\/plugins\/seo\/ -->\n<title>Riqueza Vital: La Vida es su Propia Clave - Riqueza Vital: \u00a1Se Vive!<\/title>\n<meta name=\"description\" content=\"La \u00fanica soluci\u00f3n a nuestra pobreza, en cualquiera dimensi\u00f3n de nuestro vivido, es la Riqueza Vital, la que vive y que se vive desde nuestra realidad biol\u00f3gica llevada a coherencia con la Vida \u00a1alerta, atenta y capaz!\" \/>\n<meta name=\"robots\" content=\"index, follow, max-snippet:-1, max-image-preview:large, max-video-preview:-1\" \/>\n<link rel=\"canonical\" href=\"https:\/\/riquezavital.org\/es\/\" \/>\n<meta name=\"twitter:label1\" content=\"Tiempo de lectura\" \/>\n\t<meta name=\"twitter:data1\" content=\"6 minutos\" \/>\n<script type=\"application\/ld+json\" class=\"yoast-schema-graph\">{\"@context\":\"https:\/\/schema.org\",\"@graph\":[{\"@type\":\"WebPage\",\"@id\":\"https:\/\/riquezavital.org\/es\/\",\"url\":\"https:\/\/riquezavital.org\/es\/\",\"name\":\"Riqueza Vital: La Vida es su Propia Clave - Riqueza Vital: \u00a1Se Vive!\",\"isPartOf\":{\"@id\":\"https:\/\/riquezavital.org\/es\/#website\"},\"datePublished\":\"2013-11-27T18:47:54+00:00\",\"dateModified\":\"2019-03-14T20:22:59+00:00\",\"description\":\"La \u00fanica soluci\u00f3n a nuestra pobreza, en cualquiera dimensi\u00f3n de nuestro vivido, es la Riqueza Vital, la que vive y que se vive desde nuestra realidad biol\u00f3gica llevada a coherencia con la Vida \u00a1alerta, atenta y capaz!\",\"breadcrumb\":{\"@id\":\"https:\/\/riquezavital.org\/es\/#breadcrumb\"},\"inLanguage\":\"es\",\"potentialAction\":[{\"@type\":\"ReadAction\",\"target\":[\"https:\/\/riquezavital.org\/es\/\"]}]},{\"@type\":\"BreadcrumbList\",\"@id\":\"https:\/\/riquezavital.org\/es\/#breadcrumb\",\"itemListElement\":[{\"@type\":\"ListItem\",\"position\":1,\"name\":\"Home\",\"item\":\"https:\/\/riquezavital.org\/es\/\"},{\"@type\":\"ListItem\",\"position\":2,\"name\":\"\u00bfQu\u00e9 es Riqueza Vital?\",\"item\":\"https:\/\/riquezavital.org\/es\/riqueza-vital\/\"},{\"@type\":\"ListItem\",\"position\":3,\"name\":\"Riqueza Vital: La Vida es su Propia Clave\"}]},{\"@type\":\"WebSite\",\"@id\":\"https:\/\/riquezavital.org\/es\/#website\",\"url\":\"https:\/\/riquezavital.org\/es\/\",\"name\":\"Riqueza Vital: \u00a1Se Vive!\",\"description\":\"Viviendo en Clave con la Sabidur\u00eda Viva\",\"potentialAction\":[{\"@type\":\"SearchAction\",\"target\":{\"@type\":\"EntryPoint\",\"urlTemplate\":\"https:\/\/riquezavital.org\/es\/?s={search_term_string}\"},\"query-input\":{\"@type\":\"PropertyValueSpecification\",\"valueRequired\":true,\"valueName\":\"search_term_string\"}}],\"inLanguage\":\"es\"}]}<\/script>\n<!-- \/ Yoast SEO plugin. -->","yoast_head_json":{"title":"Riqueza Vital: La Vida es su Propia Clave - Riqueza Vital: \u00a1Se Vive!","description":"La \u00fanica soluci\u00f3n a nuestra pobreza, en cualquiera dimensi\u00f3n de nuestro vivido, es la Riqueza Vital, la que vive y que se vive desde nuestra realidad biol\u00f3gica llevada a coherencia con la Vida \u00a1alerta, atenta y capaz!","robots":{"index":"index","follow":"follow","max-snippet":"max-snippet:-1","max-image-preview":"max-image-preview:large","max-video-preview":"max-video-preview:-1"},"canonical":"https:\/\/riquezavital.org\/es\/","twitter_misc":{"Tiempo de lectura":"6 minutos"},"schema":{"@context":"https:\/\/schema.org","@graph":[{"@type":"WebPage","@id":"https:\/\/riquezavital.org\/es\/","url":"https:\/\/riquezavital.org\/es\/","name":"Riqueza Vital: La Vida es su Propia Clave - Riqueza Vital: \u00a1Se Vive!","isPartOf":{"@id":"https:\/\/riquezavital.org\/es\/#website"},"datePublished":"2013-11-27T18:47:54+00:00","dateModified":"2019-03-14T20:22:59+00:00","description":"La \u00fanica soluci\u00f3n a nuestra pobreza, en cualquiera dimensi\u00f3n de nuestro vivido, es la Riqueza Vital, la que vive y que se vive desde nuestra realidad biol\u00f3gica llevada a coherencia con la Vida \u00a1alerta, atenta y capaz!","breadcrumb":{"@id":"https:\/\/riquezavital.org\/es\/#breadcrumb"},"inLanguage":"es","potentialAction":[{"@type":"ReadAction","target":["https:\/\/riquezavital.org\/es\/"]}]},{"@type":"BreadcrumbList","@id":"https:\/\/riquezavital.org\/es\/#breadcrumb","itemListElement":[{"@type":"ListItem","position":1,"name":"Home","item":"https:\/\/riquezavital.org\/es\/"},{"@type":"ListItem","position":2,"name":"\u00bfQu\u00e9 es Riqueza Vital?","item":"https:\/\/riquezavital.org\/es\/riqueza-vital\/"},{"@type":"ListItem","position":3,"name":"Riqueza Vital: La Vida es su Propia Clave"}]},{"@type":"WebSite","@id":"https:\/\/riquezavital.org\/es\/#website","url":"https:\/\/riquezavital.org\/es\/","name":"Riqueza Vital: \u00a1Se Vive!","description":"Viviendo en Clave con la Sabidur\u00eda Viva","potentialAction":[{"@type":"SearchAction","target":{"@type":"EntryPoint","urlTemplate":"https:\/\/riquezavital.org\/es\/?s={search_term_string}"},"query-input":{"@type":"PropertyValueSpecification","valueRequired":true,"valueName":"search_term_string"}}],"inLanguage":"es"}]}},"_links":{"self":[{"href":"https:\/\/riquezavital.org\/es\/wp-json\/wp\/v2\/pages\/26","targetHints":{"allow":["GET"]}}],"collection":[{"href":"https:\/\/riquezavital.org\/es\/wp-json\/wp\/v2\/pages"}],"about":[{"href":"https:\/\/riquezavital.org\/es\/wp-json\/wp\/v2\/types\/page"}],"author":[{"embeddable":true,"href":"https:\/\/riquezavital.org\/es\/wp-json\/wp\/v2\/users\/5"}],"replies":[{"embeddable":true,"href":"https:\/\/riquezavital.org\/es\/wp-json\/wp\/v2\/comments?post=26"}],"version-history":[{"count":44,"href":"https:\/\/riquezavital.org\/es\/wp-json\/wp\/v2\/pages\/26\/revisions"}],"predecessor-version":[{"id":650,"href":"https:\/\/riquezavital.org\/es\/wp-json\/wp\/v2\/pages\/26\/revisions\/650"}],"up":[{"embeddable":true,"href":"https:\/\/riquezavital.org\/es\/wp-json\/wp\/v2\/pages\/93"}],"wp:attachment":[{"href":"https:\/\/riquezavital.org\/es\/wp-json\/wp\/v2\/media?parent=26"}],"curies":[{"name":"wp","href":"https:\/\/api.w.org\/{rel}","templated":true}]}}