{"id":645,"date":"2018-12-14T02:08:00","date_gmt":"2018-12-14T04:08:00","guid":{"rendered":"https:\/\/riquezavital.org\/es\/?page_id=645"},"modified":"2018-12-14T02:29:14","modified_gmt":"2018-12-14T04:29:14","slug":"gerenciar-su-inscripcion-a-nuestro-boletin","status":"publish","type":"page","link":"https:\/\/riquezavital.org\/es\/gerenciar-su-inscripcion-a-nuestro-boletin\/","title":{"rendered":"Gerenciar su Inscripci\u00f3n a Nuestro Bolet\u00edn"},"content":{"rendered":"\n<p style=\"font-size:0\">\u00a1Bienvenid@ a nuestro bolet\u00edn!<\/p>\n\n\n\n<p>Desde esta p\u00e1gina podr\u00e1 gerenciar su inscripci\u00f3n a nuestro bolet\u00edn.\u00a0 \u00a1Gracias! El formulario de gesti\u00f3n de suscripci\u00f3n s\u00f3lo est\u00e1 disponible a los suscriptores de las listas de correo.        <\/p>\n","protected":false},"excerpt":{"rendered":"<p>\u00a1Bienvenid@ a nuestro bolet\u00edn! Desde esta p\u00e1gina podr\u00e1 gerenciar su inscripci\u00f3n a nuestro bolet\u00edn.\u00a0 \u00a1Gracias!<\/p>\n","protected":false},"author":5,"featured_media":0,"parent":0,"menu_order":0,"comment_status":"closed","ping_status":"closed","template":"page-fullwidth.php","meta":{"kt_blocks_editor_width":"","footnotes":"","_links_to":"","_links_to_target":""},"class_list":["post-645","page","type-page","status-publish","hentry"],"yoast_head":"<!-- This site is optimized with the Yoast SEO plugin v26.3 - https:\/\/yoast.com\/wordpress\/plugins\/seo\/ -->\n<title>Gerenciar su Inscripci\u00f3n a Nuestro Bolet\u00edn - Riqueza Vital: \u00a1Se Vive!<\/title>\n<meta name=\"description\" content=\"Desde esta p\u00e1gina podr\u00e1 gerenciar su inscripci\u00f3n a nuestro bolet\u00edn.\" \/>\n<meta name=\"robots\" content=\"index, follow, max-snippet:-1, max-image-preview:large, max-video-preview:-1\" \/>\n<link rel=\"canonical\" href=\"https:\/\/riquezavital.org\/es\/gerenciar-su-inscripcion-a-nuestro-boletin\/\" \/>\n<script type=\"application\/ld+json\" class=\"yoast-schema-graph\">{\"@context\":\"https:\/\/schema.org\",\"@graph\":[{\"@type\":\"WebPage\",\"@id\":\"https:\/\/riquezavital.org\/es\/gerenciar-su-inscripcion-a-nuestro-boletin\/\",\"url\":\"https:\/\/riquezavital.org\/es\/gerenciar-su-inscripcion-a-nuestro-boletin\/\",\"name\":\"Gerenciar su Inscripci\u00f3n a Nuestro Bolet\u00edn - Riqueza Vital: \u00a1Se Vive!\",\"isPartOf\":{\"@id\":\"https:\/\/riquezavital.org\/es\/#website\"},\"datePublished\":\"2018-12-14T04:08:00+00:00\",\"dateModified\":\"2018-12-14T04:29:14+00:00\",\"description\":\"Desde esta p\u00e1gina podr\u00e1 gerenciar su inscripci\u00f3n a nuestro bolet\u00edn.\",\"breadcrumb\":{\"@id\":\"https:\/\/riquezavital.org\/es\/gerenciar-su-inscripcion-a-nuestro-boletin\/#breadcrumb\"},\"inLanguage\":\"es\",\"potentialAction\":[{\"@type\":\"ReadAction\",\"target\":[\"https:\/\/riquezavital.org\/es\/gerenciar-su-inscripcion-a-nuestro-boletin\/\"]}]},{\"@type\":\"BreadcrumbList\",\"@id\":\"https:\/\/riquezavital.org\/es\/gerenciar-su-inscripcion-a-nuestro-boletin\/#breadcrumb\",\"itemListElement\":[{\"@type\":\"ListItem\",\"position\":1,\"name\":\"Home\",\"item\":\"https:\/\/riquezavital.org\/es\/\"},{\"@type\":\"ListItem\",\"position\":2,\"name\":\"Gerenciar su Inscripci\u00f3n a Nuestro Bolet\u00edn\"}]},{\"@type\":\"WebSite\",\"@id\":\"https:\/\/riquezavital.org\/es\/#website\",\"url\":\"https:\/\/riquezavital.org\/es\/\",\"name\":\"Riqueza Vital: \u00a1Se Vive!\",\"description\":\"Viviendo en Clave con la Sabidur\u00eda Viva\",\"potentialAction\":[{\"@type\":\"SearchAction\",\"target\":{\"@type\":\"EntryPoint\",\"urlTemplate\":\"https:\/\/riquezavital.org\/es\/?s={search_term_string}\"},\"query-input\":{\"@type\":\"PropertyValueSpecification\",\"valueRequired\":true,\"valueName\":\"search_term_string\"}}],\"inLanguage\":\"es\"}]}<\/script>\n<!-- \/ Yoast SEO plugin. -->","yoast_head_json":{"title":"Gerenciar su Inscripci\u00f3n a Nuestro Bolet\u00edn - Riqueza Vital: \u00a1Se Vive!","description":"Desde esta p\u00e1gina podr\u00e1 gerenciar su inscripci\u00f3n a nuestro bolet\u00edn.","robots":{"index":"index","follow":"follow","max-snippet":"max-snippet:-1","max-image-preview":"max-image-preview:large","max-video-preview":"max-video-preview:-1"},"canonical":"https:\/\/riquezavital.org\/es\/gerenciar-su-inscripcion-a-nuestro-boletin\/","schema":{"@context":"https:\/\/schema.org","@graph":[{"@type":"WebPage","@id":"https:\/\/riquezavital.org\/es\/gerenciar-su-inscripcion-a-nuestro-boletin\/","url":"https:\/\/riquezavital.org\/es\/gerenciar-su-inscripcion-a-nuestro-boletin\/","name":"Gerenciar su Inscripci\u00f3n a Nuestro Bolet\u00edn - Riqueza Vital: \u00a1Se Vive!","isPartOf":{"@id":"https:\/\/riquezavital.org\/es\/#website"},"datePublished":"2018-12-14T04:08:00+00:00","dateModified":"2018-12-14T04:29:14+00:00","description":"Desde esta p\u00e1gina podr\u00e1 gerenciar su inscripci\u00f3n a nuestro bolet\u00edn.","breadcrumb":{"@id":"https:\/\/riquezavital.org\/es\/gerenciar-su-inscripcion-a-nuestro-boletin\/#breadcrumb"},"inLanguage":"es","potentialAction":[{"@type":"ReadAction","target":["https:\/\/riquezavital.org\/es\/gerenciar-su-inscripcion-a-nuestro-boletin\/"]}]},{"@type":"BreadcrumbList","@id":"https:\/\/riquezavital.org\/es\/gerenciar-su-inscripcion-a-nuestro-boletin\/#breadcrumb","itemListElement":[{"@type":"ListItem","position":1,"name":"Home","item":"https:\/\/riquezavital.org\/es\/"},{"@type":"ListItem","position":2,"name":"Gerenciar su Inscripci\u00f3n a Nuestro Bolet\u00edn"}]},{"@type":"WebSite","@id":"https:\/\/riquezavital.org\/es\/#website","url":"https:\/\/riquezavital.org\/es\/","name":"Riqueza Vital: \u00a1Se Vive!","description":"Viviendo en Clave con la Sabidur\u00eda Viva","potentialAction":[{"@type":"SearchAction","target":{"@type":"EntryPoint","urlTemplate":"https:\/\/riquezavital.org\/es\/?s={search_term_string}"},"query-input":{"@type":"PropertyValueSpecification","valueRequired":true,"valueName":"search_term_string"}}],"inLanguage":"es"}]}},"_links":{"self":[{"href":"https:\/\/riquezavital.org\/es\/wp-json\/wp\/v2\/pages\/645","targetHints":{"allow":["GET"]}}],"collection":[{"href":"https:\/\/riquezavital.org\/es\/wp-json\/wp\/v2\/pages"}],"about":[{"href":"https:\/\/riquezavital.org\/es\/wp-json\/wp\/v2\/types\/page"}],"author":[{"embeddable":true,"href":"https:\/\/riquezavital.org\/es\/wp-json\/wp\/v2\/users\/5"}],"replies":[{"embeddable":true,"href":"https:\/\/riquezavital.org\/es\/wp-json\/wp\/v2\/comments?post=645"}],"version-history":[{"count":2,"href":"https:\/\/riquezavital.org\/es\/wp-json\/wp\/v2\/pages\/645\/revisions"}],"predecessor-version":[{"id":648,"href":"https:\/\/riquezavital.org\/es\/wp-json\/wp\/v2\/pages\/645\/revisions\/648"}],"wp:attachment":[{"href":"https:\/\/riquezavital.org\/es\/wp-json\/wp\/v2\/media?parent=645"}],"curies":[{"name":"wp","href":"https:\/\/api.w.org\/{rel}","templated":true}]}}