{"id":733,"date":"2020-11-22T05:35:27","date_gmt":"2020-11-22T11:35:27","guid":{"rendered":"https:\/\/riquezavital.org\/es\/?page_id=733"},"modified":"2020-11-22T05:51:57","modified_gmt":"2020-11-22T11:51:57","slug":"politica-de-privacidad","status":"publish","type":"page","link":"https:\/\/riquezavital.org\/es\/politica-de-privacidad\/","title":{"rendered":"Pol\u00edtica de privacidad"},"content":{"rendered":"\n<h2 class=\"wp-block-heading\">Qui\u00e9nes somos<\/h2>\n\n\n\n<p>La direcci\u00f3n de nuestra web es: https:\/\/riquezavital.org\/es.<\/p>\n\n\n\n<h2 class=\"wp-block-heading\">Qu\u00e9 datos personales recogemos y por qu\u00e9 los recogemos<\/h2>\n\n\n\n<h3 class=\"wp-block-heading\">Comentarios<\/h3>\n\n\n\n<p>Cuando los visitantes dejan comentarios en la web, recopilamos los datos que se muestran en el formulario de comentarios, as\u00ed como la direcci\u00f3n IP del visitante y la cadena de agentes de usuario del navegador para ayudar a la detecci\u00f3n de spam.<\/p>\n\n\n\n<p>Una cadena an\u00f3nima creada a partir de tu direcci\u00f3n de correo electr\u00f3nico (tambi\u00e9n llamada hash) puede ser proporcionada al servicio de Gravatar para ver si la est\u00e1s usando. La pol\u00edtica de privacidad del servicio Gravatar est\u00e1 disponible aqu\u00ed: https:\/\/automattic.com\/privacy\/. Despu\u00e9s de la aprobaci\u00f3n de tu comentario, la imagen de tu perfil es visible para el p\u00fablico en el contexto de tu comentario.<\/p>\n\n\n\n<h3 class=\"wp-block-heading\">Medios<\/h3>\n\n\n\n<p>Si subes im\u00e1genes a la web, deber\u00edas evitar subir im\u00e1genes con datos de ubicaci\u00f3n (GPS EXIF) incluidos. Los visitantes de la web pueden descargar y extraer cualquier dato de ubicaci\u00f3n de las im\u00e1genes de la web.<\/p>\n\n\n\n<h3 class=\"wp-block-heading\">Formularios de contacto<\/h3>\n\n\n\n<h3 class=\"wp-block-heading\">Cookies<\/h3>\n\n\n\n<p>Si dejas un comentario en nuestro sitio puedes elegir guardar tu nombre, direcci\u00f3n de correo electr\u00f3nico y web en cookies. Esto es para tu comodidad, para que no tengas que volver a rellenar tus datos cuando dejes otro comentario. Estas cookies tendr\u00e1n una duraci\u00f3n de un a\u00f1o.<\/p>\n\n\n\n<p>Si tienes una cuenta y te conectas a este sitio, instalaremos una cookie temporal para determinar si tu navegador acepta cookies. Esta cookie no contiene datos personales y se elimina al cerrar el navegador.<\/p>\n\n\n\n<p>Cuando accedas, tambi\u00e9n instalaremos varias cookies para guardar tu informaci\u00f3n de acceso y tus opciones de visualizaci\u00f3n de pantalla. Las cookies de acceso duran dos d\u00edas, y las cookies de opciones de pantalla duran un a\u00f1o. Si seleccionas \u00abRecu\u00e9rdarme\u00bb, tu acceso perdurar\u00e1 durante dos semanas. Si sales de tu cuenta, las cookies de acceso se eliminar\u00e1n.<\/p>\n\n\n\n<p>Si editas o publicas un art\u00edculo se guardar\u00e1 una cookie adicional en tu navegador. Esta cookie no incluye datos personales y simplemente indica el ID del art\u00edculo que acabas de editar. Caduca despu\u00e9s de 1 d\u00eda.<\/p>\n\n\n\n<h3 class=\"wp-block-heading\">Contenido incrustado de otros sitios web<\/h3>\n\n\n\n<p>Los art\u00edculos de este sitio pueden incluir contenido incrustado (por ejemplo, v\u00eddeos, im\u00e1genes, art\u00edculos, etc.). El contenido incrustado de otras webs se comporta exactamente de la misma manera que si el visitante hubiera visitado la otra web.<\/p>\n\n\n\n<p>Estas web pueden recopilar datos sobre ti, utilizar cookies, incrustar un seguimiento adicional de terceros, y supervisar tu interacci\u00f3n con ese contenido incrustado, incluido el seguimiento de tu interacci\u00f3n con el contenido incrustado si tienes una cuenta y est\u00e1s conectado a esa web.<\/p>\n\n\n\n<h3 class=\"wp-block-heading\">Anal\u00edtica<\/h3>\n\n\n\n<h2 class=\"wp-block-heading\">Con qui\u00e9n compartimos tus datos<\/h2>\n\n\n\n<h2 class=\"wp-block-heading\">Cu\u00e1nto tiempo conservamos tus datos<\/h2>\n\n\n\n<p>Si dejas un comentario, el comentario y sus metadatos se conservan indefinidamente. Esto es para que podamos reconocer y aprobar comentarios sucesivos autom\u00e1ticamente, en lugar de mantenerlos en una cola de moderaci\u00f3n.<\/p>\n\n\n\n<p>De los usuarios que se registran en nuestra web (si los hay), tambi\u00e9n almacenamos la informaci\u00f3n personal que proporcionan en su perfil de usuario. Todos los usuarios pueden ver, editar o eliminar su informaci\u00f3n personal en cualquier momento (excepto que no pueden cambiar su nombre de usuario). Los administradores de la web tambi\u00e9n pueden ver y editar esa informaci\u00f3n.<\/p>\n\n\n\n<h2 class=\"wp-block-heading\">Qu\u00e9 derechos tienes sobre tus datos<\/h2>\n\n\n\n<p>Si tienes una cuenta o has dejado comentarios en esta web, puedes solicitar recibir un archivo de exportaci\u00f3n de los datos personales que tenemos sobre ti, incluyendo cualquier dato que nos hayas proporcionado. Tambi\u00e9n puedes solicitar que eliminemos cualquier dato personal que tengamos sobre ti. Esto no incluye ning\u00fan dato que estemos obligados a conservar con fines administrativos, legales o de seguridad.<\/p>\n\n\n\n<h2 class=\"wp-block-heading\">D\u00f3nde enviamos tus datos<\/h2>\n\n\n\n<p>Los comentarios de los visitantes puede que los revise un servicio de detecci\u00f3n autom\u00e1tica de spam.<\/p>\n\n\n\n<h2 class=\"wp-block-heading\">Tu informaci\u00f3n de contacto<\/h2>\n\n\n\n<h2 class=\"wp-block-heading\">Informaci\u00f3n adicional<\/h2>\n\n\n\n<h3 class=\"wp-block-heading\">C\u00f3mo protegemos tus datos<\/h3>\n\n\n\n<h3 class=\"wp-block-heading\">Qu\u00e9 procedimientos utilizamos contra las brechas de datos<\/h3>\n\n\n\n<h3 class=\"wp-block-heading\">De qu\u00e9 terceros recibimos datos<\/h3>\n\n\n\n<h3 class=\"wp-block-heading\">Qu\u00e9 tipo de toma de decisiones automatizada y\/o perfilado hacemos con los datos del usuario<\/h3>\n\n\n\n<h3 class=\"wp-block-heading\">Requerimientos regulatorios de revelaci\u00f3n de informaci\u00f3n del sector<\/h3>\n\n\n\n<h2 class=\"wp-block-heading\">Boletines y correos electr\u00f3nicos de MailPoet<\/h2>\n\n\n\n<p>Si te has suscrito a nuestro bolet\u00edn o si eres un miembro de nuestro sitio (puedes conectarte) o si has comprado en nuestro sitio, hay bastantes posibilidades de que recibas correos electr\u00f3nicos de nuestra parte.<\/p>\n\n\n\n<p>S\u00f3lo te enviaremos correos de los que te hayas apuntado para recibir, o que ata\u00f1en a los servicios que te ofrecemos.<\/p>\n\n\n\n<p>Para enviarte correos, utilizamos el nombre y la direcci\u00f3n de correo electr\u00f3nico que nos diste. Nuestro sitio tambi\u00e9n registra la direcci\u00f3n IP que utilizaste cuando te registraste en el servicio para prevenir el abuso del sistema.<\/p>\n\n\n\n<p>Esta web puede enviar correos a trav\u00e9s del <a target=\"_blank\" href=\"https:\/\/www.mailpoet.com\/privacy-notice\/\" rel=\"noreferrer noopener\">servicio de env\u00edos de MailPoet<\/a>. Este servicio nos permite monitorizar las aperturas y clics en nuestros correos. Utilizamos esta informaci\u00f3n para mejorar el contenido de nuestros boletines.<\/p>\n\n\n\n<p>No monitorizamos ninguna otra informaci\u00f3n que te identifique fuera de este sitio excepto tu direcci\u00f3n de correo electr\u00f3nico.<\/p>\n\n\n\n<p>Seguridad<\/p>\n\n\n\n<p>Nuestro sitio web utiliza un software de seguridad especializado &#8211; Shield Security. Esto ayuda a asegurar que no se produzcan brechas en los datos y que nuestro sitio web y los datos est\u00e9n protegidos contra intentos de pirater\u00eda e intrusi\u00f3n.<\/p>\n\n\n\n<p>Shield Security protege a los visitantes del sitio y trabaja para bloquear posibles piratas inform\u00e1ticos mientras monitoriza el tr\u00e1fico web y los cambios en el sistema de archivos.<\/p>\n\n\n\n<p>Para obtener m\u00e1s informaci\u00f3n sobre Shield Security, siga este enlace.<br>Cookies<\/p>\n\n\n\n<pre class=\"wp-block-code\"><code>El plugin de Shield Security nunca almacena ninguna informaci\u00f3n sensible y de identificaci\u00f3n personal en ninguna cookie en ning\u00fan momento.\nEn el caso de que el plugin de seguridad de la pantalla necesite redirigir a un visitante o cualquier solicitud, puede utilizar una cookie para evitar los bucles de redirecci\u00f3n repetidos\/infinitos.\nEn el caso de los usuarios registrados\/registrados, el complemento de seguridad de la protecci\u00f3n utiliza una cookie para realizar un seguimiento de las sesiones de los usuarios y controlar la visualizaci\u00f3n de determinados avisos de administraci\u00f3n del complemento.\nEl complemento de seguridad de la protecci\u00f3n no utiliza normalmente cookies para los visitantes no registrados del sitio. Sin embargo, puede utilizar una cookie para registrar el cierre de la insignia de seguridad de Shield Security para evitar la visualizaci\u00f3n repetida.<\/code><\/pre>\n\n\n\n<p>Almacenamiento de datos: Sesiones de usuario<\/p>\n\n\n\n<p>Para los usuarios conectados, el plugin Shield Security almacena informaci\u00f3n sobre el nombre de usuario, la direcci\u00f3n IP y la hora del \u00faltimo acceso y la \u00faltima actividad.<\/p>\n\n\n\n<p>Esta informaci\u00f3n se purga al cerrar la sesi\u00f3n o al limpiar los datos.<br>Almacenamiento de datos: Registro de auditor\u00eda<\/p>\n\n\n\n<p>El plugin de seguridad de Shield tiene una funci\u00f3n de registro de auditor\u00eda que registrar\u00e1 la siguiente informaci\u00f3n:<\/p>\n\n\n\n<pre class=\"wp-block-code\"><code>Mensaje de registro de auditor\u00eda que puede incluir direcciones de correo electr\u00f3nico\nNombre de usuario registrado (cuando corresponda)\nDirecci\u00f3n IP de origen de la solicitud<\/code><\/pre>\n\n\n\n<p>En el caso de los usuarios registrados, se trata de informaci\u00f3n que puede utilizarse para localizar (por direcci\u00f3n IP) e identificar a las personas y su actividad en el sitio.<\/p>\n\n\n\n<p>El administrador del sitio almacena esta informaci\u00f3n con fines de seguridad.<\/p>\n\n\n\n<p>Estos datos se conservar\u00e1n y luego se eliminar\u00e1n autom\u00e1ticamente de la base de datos despu\u00e9s de un per\u00edodo de tiempo fijo, seg\u00fan determine el administrador del sitio. (Actualmente, este plazo est\u00e1 fijado en 14 d\u00edas).<\/p>\n\n\n\n<p>Recopilamos informaci\u00f3n sobre los visitantes que comentan en los sitios que usan nuestro servicio anti-spam, Akismet. La informaci\u00f3n que recopilamos depende de c\u00f3mo configure Akismet en el sitio el usuario, pero incluye, normalmente, la direcci\u00f3n IP del comentarista, el navegador del usuario, el sitio de referencia y la URL del sitio (adem\u00e1s de otra informaci\u00f3n directamente facilitada por el comentarista, como su nombre, nombre de usuario, direcci\u00f3n de correo electr\u00f3nico y el mismo comentario).<\/p>\n","protected":false},"excerpt":{"rendered":"<p>Qui\u00e9nes somos La direcci\u00f3n de nuestra web es: https:\/\/riquezavital.org\/es. Qu\u00e9 datos personales recogemos y por qu\u00e9 los recogemos Comentarios Cuando los visitantes dejan comentarios en la web, recopilamos los datos que se muestran en el formulario de comentarios, as\u00ed como &hellip; <a href=\"https:\/\/riquezavital.org\/es\/politica-de-privacidad\/\">Continuar<\/a><\/p>\n","protected":false},"author":5,"featured_media":0,"parent":0,"menu_order":0,"comment_status":"closed","ping_status":"closed","template":"","meta":{"kt_blocks_editor_width":"","footnotes":"","_links_to":"","_links_to_target":""},"class_list":["post-733","page","type-page","status-publish","hentry"],"yoast_head":"<!-- This site is optimized with the Yoast SEO plugin v26.3 - https:\/\/yoast.com\/wordpress\/plugins\/seo\/ -->\n<title>Pol\u00edtica de privacidad - Riqueza Vital: \u00a1Se Vive!<\/title>\n<meta name=\"description\" content=\"Cuando los visitantes dejan comentarios en la web, recopilamos los datos que se muestran en el formulario de comentarios, as\u00ed como la direcci\u00f3n IP del visitante y la cadena de agentes de usuario del navegador para ayudar a la detecci\u00f3n de spam.\" \/>\n<meta name=\"robots\" content=\"index, follow, max-snippet:-1, max-image-preview:large, max-video-preview:-1\" \/>\n<link rel=\"canonical\" href=\"https:\/\/riquezavital.org\/es\/politica-de-privacidad\/\" \/>\n<meta name=\"twitter:label1\" content=\"Tiempo de lectura\" \/>\n\t<meta name=\"twitter:data1\" content=\"7 minutos\" \/>\n<script type=\"application\/ld+json\" class=\"yoast-schema-graph\">{\"@context\":\"https:\/\/schema.org\",\"@graph\":[{\"@type\":\"WebPage\",\"@id\":\"https:\/\/riquezavital.org\/es\/politica-de-privacidad\/\",\"url\":\"https:\/\/riquezavital.org\/es\/politica-de-privacidad\/\",\"name\":\"Pol\u00edtica de privacidad - Riqueza Vital: \u00a1Se Vive!\",\"isPartOf\":{\"@id\":\"https:\/\/riquezavital.org\/es\/#website\"},\"datePublished\":\"2020-11-22T11:35:27+00:00\",\"dateModified\":\"2020-11-22T11:51:57+00:00\",\"description\":\"Cuando los visitantes dejan comentarios en la web, recopilamos los datos que se muestran en el formulario de comentarios, as\u00ed como la direcci\u00f3n IP del visitante y la cadena de agentes de usuario del navegador para ayudar a la detecci\u00f3n de spam.\",\"breadcrumb\":{\"@id\":\"https:\/\/riquezavital.org\/es\/politica-de-privacidad\/#breadcrumb\"},\"inLanguage\":\"es\",\"potentialAction\":[{\"@type\":\"ReadAction\",\"target\":[\"https:\/\/riquezavital.org\/es\/politica-de-privacidad\/\"]}]},{\"@type\":\"BreadcrumbList\",\"@id\":\"https:\/\/riquezavital.org\/es\/politica-de-privacidad\/#breadcrumb\",\"itemListElement\":[{\"@type\":\"ListItem\",\"position\":1,\"name\":\"Home\",\"item\":\"https:\/\/riquezavital.org\/es\/\"},{\"@type\":\"ListItem\",\"position\":2,\"name\":\"Pol\u00edtica de privacidad\"}]},{\"@type\":\"WebSite\",\"@id\":\"https:\/\/riquezavital.org\/es\/#website\",\"url\":\"https:\/\/riquezavital.org\/es\/\",\"name\":\"Riqueza Vital: \u00a1Se Vive!\",\"description\":\"Viviendo en Clave con la Sabidur\u00eda Viva\",\"potentialAction\":[{\"@type\":\"SearchAction\",\"target\":{\"@type\":\"EntryPoint\",\"urlTemplate\":\"https:\/\/riquezavital.org\/es\/?s={search_term_string}\"},\"query-input\":{\"@type\":\"PropertyValueSpecification\",\"valueRequired\":true,\"valueName\":\"search_term_string\"}}],\"inLanguage\":\"es\"}]}<\/script>\n<!-- \/ Yoast SEO plugin. -->","yoast_head_json":{"title":"Pol\u00edtica de privacidad - Riqueza Vital: \u00a1Se Vive!","description":"Cuando los visitantes dejan comentarios en la web, recopilamos los datos que se muestran en el formulario de comentarios, as\u00ed como la direcci\u00f3n IP del visitante y la cadena de agentes de usuario del navegador para ayudar a la detecci\u00f3n de spam.","robots":{"index":"index","follow":"follow","max-snippet":"max-snippet:-1","max-image-preview":"max-image-preview:large","max-video-preview":"max-video-preview:-1"},"canonical":"https:\/\/riquezavital.org\/es\/politica-de-privacidad\/","twitter_misc":{"Tiempo de lectura":"7 minutos"},"schema":{"@context":"https:\/\/schema.org","@graph":[{"@type":"WebPage","@id":"https:\/\/riquezavital.org\/es\/politica-de-privacidad\/","url":"https:\/\/riquezavital.org\/es\/politica-de-privacidad\/","name":"Pol\u00edtica de privacidad - Riqueza Vital: \u00a1Se Vive!","isPartOf":{"@id":"https:\/\/riquezavital.org\/es\/#website"},"datePublished":"2020-11-22T11:35:27+00:00","dateModified":"2020-11-22T11:51:57+00:00","description":"Cuando los visitantes dejan comentarios en la web, recopilamos los datos que se muestran en el formulario de comentarios, as\u00ed como la direcci\u00f3n IP del visitante y la cadena de agentes de usuario del navegador para ayudar a la detecci\u00f3n de spam.","breadcrumb":{"@id":"https:\/\/riquezavital.org\/es\/politica-de-privacidad\/#breadcrumb"},"inLanguage":"es","potentialAction":[{"@type":"ReadAction","target":["https:\/\/riquezavital.org\/es\/politica-de-privacidad\/"]}]},{"@type":"BreadcrumbList","@id":"https:\/\/riquezavital.org\/es\/politica-de-privacidad\/#breadcrumb","itemListElement":[{"@type":"ListItem","position":1,"name":"Home","item":"https:\/\/riquezavital.org\/es\/"},{"@type":"ListItem","position":2,"name":"Pol\u00edtica de privacidad"}]},{"@type":"WebSite","@id":"https:\/\/riquezavital.org\/es\/#website","url":"https:\/\/riquezavital.org\/es\/","name":"Riqueza Vital: \u00a1Se Vive!","description":"Viviendo en Clave con la Sabidur\u00eda Viva","potentialAction":[{"@type":"SearchAction","target":{"@type":"EntryPoint","urlTemplate":"https:\/\/riquezavital.org\/es\/?s={search_term_string}"},"query-input":{"@type":"PropertyValueSpecification","valueRequired":true,"valueName":"search_term_string"}}],"inLanguage":"es"}]}},"_links":{"self":[{"href":"https:\/\/riquezavital.org\/es\/wp-json\/wp\/v2\/pages\/733","targetHints":{"allow":["GET"]}}],"collection":[{"href":"https:\/\/riquezavital.org\/es\/wp-json\/wp\/v2\/pages"}],"about":[{"href":"https:\/\/riquezavital.org\/es\/wp-json\/wp\/v2\/types\/page"}],"author":[{"embeddable":true,"href":"https:\/\/riquezavital.org\/es\/wp-json\/wp\/v2\/users\/5"}],"replies":[{"embeddable":true,"href":"https:\/\/riquezavital.org\/es\/wp-json\/wp\/v2\/comments?post=733"}],"version-history":[{"count":2,"href":"https:\/\/riquezavital.org\/es\/wp-json\/wp\/v2\/pages\/733\/revisions"}],"predecessor-version":[{"id":737,"href":"https:\/\/riquezavital.org\/es\/wp-json\/wp\/v2\/pages\/733\/revisions\/737"}],"wp:attachment":[{"href":"https:\/\/riquezavital.org\/es\/wp-json\/wp\/v2\/media?parent=733"}],"curies":[{"name":"wp","href":"https:\/\/api.w.org\/{rel}","templated":true}]}}