{"id":93,"date":"2013-12-31T09:48:35","date_gmt":"2013-12-31T12:48:35","guid":{"rendered":"https:\/\/riquezavital.org\/es\/?page_id=93"},"modified":"2014-01-01T22:54:50","modified_gmt":"2014-01-02T01:54:50","slug":"riqueza-vital","status":"publish","type":"page","link":"https:\/\/riquezavital.org\/es\/riqueza-vital\/","title":{"rendered":"\u00bfQu\u00e9 es Riqueza Vital?"},"content":{"rendered":"<p lang=\"es-ES\" style=\"text-align: justify;\" align=\"CENTER\"><span style=\"font-family: verdana,geneva;\">Entra en cualquier ambiente natural y observa. Ve al coraz\u00f3n de un desierto seco, con temperaturas extremosas. En donde encuentres vida contempla su forma, su expresi\u00f3n. La vida tiene un temple al ser plenamente viva: rebosa en vida. Hay una energ\u00eda, una fuerza, una atenci\u00f3n, capacidad, liviandad y precisi\u00f3n al estar realmente vivo.<a href=\"https:\/\/riquezavital.org\/es\/wp-content\/uploads\/sites\/4\/2013\/11\/P11505091.jpg\"><span style=\"color: #000080;\"><img loading=\"lazy\" decoding=\"async\" class=\"alignright\" style=\"border: 2px solid black;\" title=\"Riqueza Vital - Brotando Vida\" alt=\"\" src=\"https:\/\/riquezavital.org\/es\/wp-content\/uploads\/sites\/4\/2013\/11\/P11505091-199x300.jpg\" width=\"199\" height=\"300\" name=\"graphics1\" align=\"BOTTOM\" border=\"2\" \/><\/span><\/a><\/span><\/p>\n<p lang=\"es-ES\" style=\"text-align: justify;\" align=\"LEFT\"><span style=\"font-family: verdana,geneva;\">A esta cualidad de vida, aqu\u00ed la llamamos \u201cRiqueza Vital.\u201d\u00a0 Se expresa desde nuestra naturaleza celular hasta\u00a0 en todos los aspectos de nuestra vida. La vida es coherente. Nuestra Riqueza Vital se manifiesta en todas las dimensiones de lo que somos y lo que hacemos. La Vida realmente vital se expresa con temple de \u00a1Vida!<\/span><\/p>\n<p lang=\"es-ES\" style=\"text-align: justify;\"><span style=\"font-family: verdana,geneva;\"><i><b>Estamos dise\u00f1ados para rebosar en salud, bienestar, conexi\u00f3n afectiva, amorosa, social, creativa y con abundancia, por naturaleza.<\/b><\/i> <i><b>La vida est\u00e1 dise\u00f1ada para inteligencia, capacidad y deleite. Un jaguar, un c\u00f3ndor, una hormiga, un \u00e1rbol y una comunidad de plantas acu\u00e1ticas manifiestan el deleite de vivir en la realizaci\u00f3n de su dise\u00f1o y su naturaleza. <\/b><\/i><\/span><\/p>\n<p lang=\"es-ES\" style=\"text-align: justify;\"><span style=\"font-family: verdana,geneva;\">En los pueblos que a\u00fan practican sus ciencias y artes inici\u00e1ticas, ser <i><b>adulto <\/b><\/i>es ser no s\u00f3lo capaz pero tambi\u00e9n consciente. Es la transformaci\u00f3n del humano infantil viviendo desde su \u201cyo pido\u201d a un <i><b>ser humano <\/b><\/i>que se realiza en consciencia y en capacidad desde su \u201cyo puedo.\u201d Es el cambio de un ni\u00f1o mistificado por el lenguaje, los ritos y las formas de su cultura, pidiendo atenci\u00f3n, y en gran parte ignorando los aspectos profundos de su historia a un adulto reanudando con su <i><b>naturaleza humana,<\/b><\/i> prestando atenci\u00f3n y conscientiz\u00e1ndose de su participaci\u00f3n en una tremenda trama hist\u00f3rica, biol\u00f3gica y social. Asume consciencia de las estructuras culturales que reproduce, de su papel como participante, creador y transmisor cultural e hist\u00f3rico y de su naturaleza b\u00edo-l\u00f3gica, en la l\u00f3gica de la vida.<\/span><\/p>\n<p lang=\"es-ES\" style=\"text-align: justify;\"><span style=\"font-family: verdana,geneva;\">Esta Inteligencia Natural es perfectamente aplicable en ESTE mundo que nos imaginamos \u201cmoderno\u201d. Son pocos los que la reconocer\u00e1n y la despertar\u00e1n. Esta invitaci\u00f3n es para los pocos.<br \/>\n<\/span><\/p>\n<p lang=\"es-ES\" style=\"text-align: justify;\"><span style=\"font-family: verdana,geneva;\">Un adulto no nace; se hace. El proceso por el cual un adulto se hace es un viaje inici\u00e1tico que rompe y nos revela la naturaleza de nuestra burbuja cultural y dependencia. Es un proceso simult\u00e1neo de desenga\u00f1o que va de par con <i><b>realizaci\u00f3n, <\/b><\/i>nuestra entrada en lo real. Nos reanuda con nuestra naturaleza viva para asumir el mando de nuestro cuerpo, nuestra consciencia y de nuestras relaciones con la vida.<\/span><\/p>\n<p lang=\"es-ES\" style=\"text-align: justify;\"><span style=\"font-family: verdana,geneva;\">Al sensibilizarnos a nuestra propia Riqueza Vital, lo que la fortalece y lo que la debilita, nos capacitamos para orientarnos en el roce de nuestra naturaleza con nuestra programaci\u00f3n cultural.<\/span><\/p>\n<p lang=\"es-ES\" style=\"text-align: justify;\"><span style=\"font-family: verdana,geneva;\">Hay un dicho del pueblo Takelma que dice:<\/span><\/p>\n<p lang=\"es-ES\" style=\"text-align: center;\" align=\"CENTER\"><span style=\"font-family: verdana,geneva;\"><i><b>Para los que VEN hablan sus ojos.<\/b><\/i><\/span><\/p>\n<p lang=\"es-ES\" style=\"text-align: center;\" align=\"CENTER\"><span style=\"font-family: verdana,geneva;\"><i><b>Para los que NO ven, otras bocas hablan.<\/b><\/i><\/span><\/p>\n<p lang=\"es-ES\" style=\"text-align: justify;\" align=\"LEFT\"><span style=\"font-family: verdana,geneva;\">Lo que compartimos aqu\u00ed no es \u201cverdad.\u201d <i><b>Estamos todos DENTRO de la verdad. <\/b><\/i>Nuestro desaf\u00edo es <i><b>verla, o\u00edrla, tocarla y movernos con ella.<\/b><\/i><\/span><\/p>\n<p lang=\"es-ES\" style=\"text-align: justify;\" align=\"LEFT\"><span style=\"font-family: verdana,geneva;\">Te invito al primer ciclo de<b> <\/b><i><span style=\"text-decoration: underline;\"><b><i><b>Los Cuentos Curiosos del Caminante Poco Visto<\/b><\/i><\/b><\/span> que se llama, <b><i><b>\u201cLiberando tu Genio Natural.\u201d<\/b><\/i><\/b><\/i> Recibir\u00e1s un email, cada 4 a 12 d\u00edas, con charlas cortas de 5 a 15 minutos, art\u00edculos, preguntas o ejercicios con pausas seg\u00fan el tiempo requerido para integrar y explorar su contenido. <\/span><\/p>\n<p lang=\"es-ES\" style=\"text-align: justify;\" align=\"LEFT\"><span style=\"font-family: verdana,geneva;\">Tu desaf\u00edo ser\u00e1 no s\u00f3lo pensar en lo que te ofrecemos. Ser\u00e1 escuchar lo que apuntamos en el mundo y luego prestar tu atenci\u00f3n a TU vivido y realidad. Creer o no creer en lo que te decimos son dos opciones de poco valor real. Como dijeron los sabios Takelmas, \u201c<i><b>Para los que ven hablan sus OJOS\u201d<\/b><\/i>. Est\u00e1s en una realidad poblada de <i><b>naturalezas. La naturaleza de tu realidad se revela por su natureleza Y TU ATENCI\u00d3N. <\/b><\/i>Nuestro primer curso se llama \u201cLiberando tu Genio Natural\u201d y, como todos nuestros cursos, parte desde una meta-visi\u00f3n, en este caso el meta-aprendizaje:<\/span><\/p>\n<p lang=\"es-ES\" style=\"text-align: justify;\" align=\"LEFT\"><span style=\"font-family: verdana,geneva;\"><i><b>\u00bfC\u00f3mo hemos aprendido a aprender y a no-aprender? \u00bfC\u00f3mo podemos liderar nuestro proceso de aprendizaje de manera coherente con nuestro dise\u00f1o natural, nuestro mundo real y con plena consciencia de nuestra historia y nuestros h\u00e1bitos culturales y relacionales?<\/b><\/i><\/span><\/p>\n<p lang=\"es-ES\" style=\"text-align: justify;\"><span style=\"font-family: verdana,geneva;\">Hay otras aventuras a las cuales invitaremos a los que reciben esta base. Tenemos grupos en-l\u00ednea y estamos organizando aventuras, viajes, retiros y reuniones en diferentes partes del mundo.<\/span><\/p>\n<p lang=\"es-ES\" style=\"text-align: justify;\"><span style=\"font-family: verdana,geneva;\">Al abarcar un aprendizaje aut\u00f3nomo y detenido ponemos las bases para trabajos, aventuras y colaboraciones creativas con otros comprometidos con excelencia. Dos veces al a\u00f1o tenemos retiros relajados y placenteros en lugares que rebosan de vida y belleza para revitalizar y conectarnos y la vida y con individuos que aman vida. Por experiencias profundamente conectivas, sabrosas y relajadas, apoyados por comidas y actividades celularmente revitalizantes y reconstructivas, reanudamos, desde adentro, con nuestra capacidad de rebosar en Riqueza Vital e Inteligencia Natural.<\/span><\/p>\n<p lang=\"es-ES\" style=\"text-align: justify;\" align=\"LEFT\"><span style=\"font-family: verdana,geneva;\">Este primer ciclo te lo regalo a cambio de uno de los valores m\u00e1s valiosos que tienes: tu atenci\u00f3n. No es gratuito. Tu atenci\u00f3n es sumamente valiosa, como vas a descubrir y es una clave fundamental a tu Riqueza Vital, la que vive y se vive. <\/span><\/p>\n<p lang=\"es-ES\" style=\"text-align: justify;\" align=\"LEFT\"><span style=\"font-family: verdana,geneva;\">Nuestro trabajo es el fruto de d\u00e9cadas de aprendizaje, estudio, viaje, maravillas, regalos y humillaciones. Realiza que nada en la vida es gratuito. Entras en un bosque y cosechas plantas para comerlas y no son gratuitas. Las tienes <i><b>a cambio de la vida de esas plantas.<\/b><\/i> Ser <i><b>adulto<\/b><\/i><i>, <\/i>en la realidad de la vida,es realizar eso: que la vida te brinda vida a costo de vida. Entonces nos capacitamos a <i><b>trocar valores, a traer nuestra ofrenda, a alimentar la vida que nos alimenta y a respetar nuestra naturaleza. Nuestra vida no es gratuita. Toda la Vida invierte Vida en ella.<\/b><\/i><\/span><\/p>\n<p lang=\"es-ES\" style=\"text-align: justify;\" align=\"LEFT\"><span style=\"font-family: verdana,geneva;\">Tu atenci\u00f3n, literalmente, es la medida viva de tu Riqueza real y un reflejo directo de tu vitalidad celular.\u00a0 <i><span style=\"text-decoration: underline;\"><b>Los Cuentos <\/b><\/span><\/i>provocar\u00e1n una relaci\u00f3n renovada y renovadora con tu atenci\u00f3n.<br \/>\n<\/span><\/p>\n<p lang=\"es-ES\" style=\"text-align: center;\" align=\"CENTER\"><span style=\"font-family: verdana,geneva;\"><i><b>La \u00fanica soluci\u00f3n a nuestra pobreza, en cualquiera dimensi\u00f3n de nuestro vivido, <\/b><\/i><\/span><\/p>\n<p lang=\"es-ES\" style=\"text-align: center;\" align=\"CENTER\"><span style=\"font-family: verdana,geneva;\"><i><b>es la Riqueza que vive y que se vive desde nuestra realidad biol\u00f3gica llevada a coherencia con la Vida<\/b><\/i><\/span><\/p>\n<p lang=\"es-ES\" style=\"text-align: center;\" align=\"CENTER\"><span style=\"font-family: verdana,geneva;\"><i><b>\u00a1alerta, atenta y capaz!<\/b><\/i><\/span><\/p>\n<p lang=\"es-MX\"><span style=\"font-family: verdana,geneva;\">Pon tu nombre y e-mail en la part azul aqu\u00ed abajo y te mandaremos el primer ciclo de <i><span style=\"text-decoration: underline;\"><b>Los Cuentos Curiosos del Caminante Poco Visto:<\/b><\/span><\/i> \u201cLiberando tu Genio Natural.\u201d S\u00f3lo te pedimos una cosa: que si ya no quieres recibir m\u00e1s comunicac\u00edon de nosotros, que uses el \u201clink\u201d que estar\u00e1 por debajo de cada mensaje nuestro para desabonarte, y que no etiquetear\u00e1s a nuestro e-mail como \u201cspam.\u201d<br \/>\n<\/span><\/p>\n<p lang=\"es-ES\" style=\"text-align: justify;\" align=\"LEFT\"><span style=\"font-family: verdana,geneva;\">Con tu nombre y email en la secci\u00f3n azul abajo, recibir\u00e1s nuestra invitaci\u00f3n a una aventura sorprendente y ricamente vitalizante con el primer ciclo de <i><span style=\"text-decoration: underline;\"><b>Los Cuentos Curiosos del Caminante Poco Visto<\/b><\/span><\/i><i><b>.<\/b><\/i><\/span><\/p>\n<p lang=\"es-ES\" style=\"text-align: justify;\" align=\"CENTER\"><span style=\"font-family: verdana,geneva;\">\u00a1Aqu\u00ed se habla Vida!<\/span><\/p>\n<p lang=\"es-ES\" style=\"text-align: justify;\" align=\"CENTER\"><span style=\"font-family: verdana,geneva;\">\u00a1Bienvenid@!<\/span><\/p>\n","protected":false},"excerpt":{"rendered":"<p>Entra en cualquier ambiente natural y observa. Ve al coraz\u00f3n de un desierto seco, con temperaturas extremosas. En donde encuentres vida contempla su forma, su expresi\u00f3n. La vida tiene un temple al ser plenamente viva: rebosa en vida. Hay una &hellip; <a href=\"https:\/\/riquezavital.org\/es\/riqueza-vital\/\">Continuar<\/a><\/p>\n","protected":false},"author":1,"featured_media":0,"parent":0,"menu_order":0,"comment_status":"open","ping_status":"open","template":"","meta":{"kt_blocks_editor_width":"","footnotes":"","_links_to":"","_links_to_target":""},"class_list":["post-93","page","type-page","status-publish","hentry"],"yoast_head":"<!-- This site is optimized with the Yoast SEO plugin v26.3 - https:\/\/yoast.com\/wordpress\/plugins\/seo\/ -->\n<title>\u00bfQu\u00e9 es Riqueza Vital? - Riqueza Vital: \u00a1Se Vive!<\/title>\n<meta name=\"description\" content=\"La Riqueza Vital es una cualidad de la Vida que rebosa en vida desde la plena expresi\u00f3n de su naturaleza y el respeto de su dise\u00f1o.\" \/>\n<meta name=\"robots\" content=\"index, follow, max-snippet:-1, max-image-preview:large, max-video-preview:-1\" \/>\n<link rel=\"canonical\" href=\"https:\/\/riquezavital.org\/es\/riqueza-vital\/\" \/>\n<meta name=\"twitter:label1\" content=\"Tiempo de lectura\" \/>\n\t<meta name=\"twitter:data1\" content=\"6 minutos\" \/>\n<script type=\"application\/ld+json\" class=\"yoast-schema-graph\">{\"@context\":\"https:\/\/schema.org\",\"@graph\":[{\"@type\":\"WebPage\",\"@id\":\"https:\/\/riquezavital.org\/es\/riqueza-vital\/\",\"url\":\"https:\/\/riquezavital.org\/es\/riqueza-vital\/\",\"name\":\"\u00bfQu\u00e9 es Riqueza Vital? - Riqueza Vital: \u00a1Se Vive!\",\"isPartOf\":{\"@id\":\"https:\/\/riquezavital.org\/es\/#website\"},\"primaryImageOfPage\":{\"@id\":\"https:\/\/riquezavital.org\/es\/riqueza-vital\/#primaryimage\"},\"image\":{\"@id\":\"https:\/\/riquezavital.org\/es\/riqueza-vital\/#primaryimage\"},\"thumbnailUrl\":\"https:\/\/riquezavital.org\/es\/wp-content\/uploads\/sites\/4\/2013\/11\/P11505091-199x300.jpg\",\"datePublished\":\"2013-12-31T12:48:35+00:00\",\"dateModified\":\"2014-01-02T01:54:50+00:00\",\"description\":\"La Riqueza Vital es una cualidad de la Vida que rebosa en vida desde la plena expresi\u00f3n de su naturaleza y el respeto de su dise\u00f1o.\",\"breadcrumb\":{\"@id\":\"https:\/\/riquezavital.org\/es\/riqueza-vital\/#breadcrumb\"},\"inLanguage\":\"es\",\"potentialAction\":[{\"@type\":\"ReadAction\",\"target\":[\"https:\/\/riquezavital.org\/es\/riqueza-vital\/\"]}]},{\"@type\":\"ImageObject\",\"inLanguage\":\"es\",\"@id\":\"https:\/\/riquezavital.org\/es\/riqueza-vital\/#primaryimage\",\"url\":\"https:\/\/riquezavital.org\/es\/wp-content\/uploads\/sites\/4\/2013\/11\/P11505091.jpg\",\"contentUrl\":\"https:\/\/riquezavital.org\/es\/wp-content\/uploads\/sites\/4\/2013\/11\/P11505091.jpg\",\"width\":664,\"height\":1000},{\"@type\":\"BreadcrumbList\",\"@id\":\"https:\/\/riquezavital.org\/es\/riqueza-vital\/#breadcrumb\",\"itemListElement\":[{\"@type\":\"ListItem\",\"position\":1,\"name\":\"Home\",\"item\":\"https:\/\/riquezavital.org\/es\/\"},{\"@type\":\"ListItem\",\"position\":2,\"name\":\"\u00bfQu\u00e9 es Riqueza Vital?\"}]},{\"@type\":\"WebSite\",\"@id\":\"https:\/\/riquezavital.org\/es\/#website\",\"url\":\"https:\/\/riquezavital.org\/es\/\",\"name\":\"Riqueza Vital: \u00a1Se Vive!\",\"description\":\"Viviendo en Clave con la Sabidur\u00eda Viva\",\"potentialAction\":[{\"@type\":\"SearchAction\",\"target\":{\"@type\":\"EntryPoint\",\"urlTemplate\":\"https:\/\/riquezavital.org\/es\/?s={search_term_string}\"},\"query-input\":{\"@type\":\"PropertyValueSpecification\",\"valueRequired\":true,\"valueName\":\"search_term_string\"}}],\"inLanguage\":\"es\"}]}<\/script>\n<!-- \/ Yoast SEO plugin. -->","yoast_head_json":{"title":"\u00bfQu\u00e9 es Riqueza Vital? - Riqueza Vital: \u00a1Se Vive!","description":"La Riqueza Vital es una cualidad de la Vida que rebosa en vida desde la plena expresi\u00f3n de su naturaleza y el respeto de su dise\u00f1o.","robots":{"index":"index","follow":"follow","max-snippet":"max-snippet:-1","max-image-preview":"max-image-preview:large","max-video-preview":"max-video-preview:-1"},"canonical":"https:\/\/riquezavital.org\/es\/riqueza-vital\/","twitter_misc":{"Tiempo de lectura":"6 minutos"},"schema":{"@context":"https:\/\/schema.org","@graph":[{"@type":"WebPage","@id":"https:\/\/riquezavital.org\/es\/riqueza-vital\/","url":"https:\/\/riquezavital.org\/es\/riqueza-vital\/","name":"\u00bfQu\u00e9 es Riqueza Vital? - Riqueza Vital: \u00a1Se Vive!","isPartOf":{"@id":"https:\/\/riquezavital.org\/es\/#website"},"primaryImageOfPage":{"@id":"https:\/\/riquezavital.org\/es\/riqueza-vital\/#primaryimage"},"image":{"@id":"https:\/\/riquezavital.org\/es\/riqueza-vital\/#primaryimage"},"thumbnailUrl":"https:\/\/riquezavital.org\/es\/wp-content\/uploads\/sites\/4\/2013\/11\/P11505091-199x300.jpg","datePublished":"2013-12-31T12:48:35+00:00","dateModified":"2014-01-02T01:54:50+00:00","description":"La Riqueza Vital es una cualidad de la Vida que rebosa en vida desde la plena expresi\u00f3n de su naturaleza y el respeto de su dise\u00f1o.","breadcrumb":{"@id":"https:\/\/riquezavital.org\/es\/riqueza-vital\/#breadcrumb"},"inLanguage":"es","potentialAction":[{"@type":"ReadAction","target":["https:\/\/riquezavital.org\/es\/riqueza-vital\/"]}]},{"@type":"ImageObject","inLanguage":"es","@id":"https:\/\/riquezavital.org\/es\/riqueza-vital\/#primaryimage","url":"https:\/\/riquezavital.org\/es\/wp-content\/uploads\/sites\/4\/2013\/11\/P11505091.jpg","contentUrl":"https:\/\/riquezavital.org\/es\/wp-content\/uploads\/sites\/4\/2013\/11\/P11505091.jpg","width":664,"height":1000},{"@type":"BreadcrumbList","@id":"https:\/\/riquezavital.org\/es\/riqueza-vital\/#breadcrumb","itemListElement":[{"@type":"ListItem","position":1,"name":"Home","item":"https:\/\/riquezavital.org\/es\/"},{"@type":"ListItem","position":2,"name":"\u00bfQu\u00e9 es Riqueza Vital?"}]},{"@type":"WebSite","@id":"https:\/\/riquezavital.org\/es\/#website","url":"https:\/\/riquezavital.org\/es\/","name":"Riqueza Vital: \u00a1Se Vive!","description":"Viviendo en Clave con la Sabidur\u00eda Viva","potentialAction":[{"@type":"SearchAction","target":{"@type":"EntryPoint","urlTemplate":"https:\/\/riquezavital.org\/es\/?s={search_term_string}"},"query-input":{"@type":"PropertyValueSpecification","valueRequired":true,"valueName":"search_term_string"}}],"inLanguage":"es"}]}},"_links":{"self":[{"href":"https:\/\/riquezavital.org\/es\/wp-json\/wp\/v2\/pages\/93","targetHints":{"allow":["GET"]}}],"collection":[{"href":"https:\/\/riquezavital.org\/es\/wp-json\/wp\/v2\/pages"}],"about":[{"href":"https:\/\/riquezavital.org\/es\/wp-json\/wp\/v2\/types\/page"}],"author":[{"embeddable":true,"href":"https:\/\/riquezavital.org\/es\/wp-json\/wp\/v2\/users\/1"}],"replies":[{"embeddable":true,"href":"https:\/\/riquezavital.org\/es\/wp-json\/wp\/v2\/comments?post=93"}],"version-history":[{"count":0,"href":"https:\/\/riquezavital.org\/es\/wp-json\/wp\/v2\/pages\/93\/revisions"}],"wp:attachment":[{"href":"https:\/\/riquezavital.org\/es\/wp-json\/wp\/v2\/media?parent=93"}],"curies":[{"name":"wp","href":"https:\/\/api.w.org\/{rel}","templated":true}]}}